{"id":211,"date":"2025-12-03T21:46:07","date_gmt":"2025-12-03T21:46:07","guid":{"rendered":"https:\/\/udl.pgm.mybluehost.me\/website_be195e0e\/?page_id=211"},"modified":"2026-04-07T15:23:32","modified_gmt":"2026-04-07T15:23:32","slug":"residential","status":"publish","type":"page","link":"https:\/\/state.softdepothosting.com\/es\/residential\/","title":{"rendered":"Residencial"},"content":{"rendered":"<div data-elementor-type=\"wp-page\" data-elementor-id=\"211\" class=\"elementor elementor-211\" data-elementor-post-type=\"page\">\n\t\t\t\t<div class=\"elementor-element elementor-element-d46eb90 e-flex e-con-boxed e-con e-parent\" data-id=\"d46eb90\" data-element_type=\"container\" data-e-type=\"container\" data-settings=\"{&quot;background_background&quot;:&quot;classic&quot;}\">\n\t\t\t\t\t<div class=\"e-con-inner\">\n\t\t\t\t<div class=\"elementor-element elementor-element-3d5cd729 elementor-widget-tablet__width-initial elementor-widget__width-initial elementor-widget elementor-widget-elementskit-heading\" data-id=\"3d5cd729\" data-element_type=\"widget\" data-e-type=\"widget\" data-widget_type=\"elementskit-heading.default\">\n\t\t\t\t\t<div class=\"ekit-wid-con\" ><div class=\"ekit-heading elementskit-section-title-wraper text_left   ekit_heading_tablet-   ekit_heading_mobile-\"><h2 class=\"ekit-heading--title elementskit-section-title\">Calentamiento de agua residencial<\/h2>\t\t\t\t<div class='ekit-heading__description'>\n\t\t\t\t\t<p>State Water Heater ofrece una amplia gama de soluciones para calentar agua en el hogar. Elija entre una variedad de modelos con certificaci\u00f3n ENERGY STAR\u00ae para una eficiencia superior que, adem\u00e1s, satisface las necesidades espec\u00edficas de agua caliente de su hogar. Explore nuestra gama de productos para encontrar la soluci\u00f3n perfecta para sus necesidades de agua caliente.<\/p>\n\t\t\t\t<\/div>\n\t\t\t<\/div><\/div>\t\t\t\t<\/div>\n\t\t\t\t\t<\/div>\n\t\t\t\t<\/div>\n\t\t<div class=\"elementor-element elementor-element-21db3410 e-flex e-con-boxed e-con e-parent\" data-id=\"21db3410\" data-element_type=\"container\" data-e-type=\"container\">\n\t\t\t\t\t<div class=\"e-con-inner\">\n\t\t<div class=\"elementor-element elementor-element-1491ec6f e-con-full e-grid e-con e-child\" data-id=\"1491ec6f\" data-element_type=\"container\" data-e-type=\"container\">\n\t\t\t\t<div class=\"elementor-element elementor-element-18fa8e3d ekit-equal-height-enable elementor-widget elementor-widget-elementskit-image-box\" data-id=\"18fa8e3d\" data-element_type=\"widget\" data-e-type=\"widget\" data-widget_type=\"elementskit-image-box.default\">\n\t\t\t\t\t<div class=\"ekit-wid-con\" >\n            <div class=\"elementskit-info-image-box ekit-image-box text-center hover_from_right hover-border-bottom\" >\n\n                <a href=\"https:\/\/state.softdepothosting.com\/es\/categoria-producto\/residential\/gas\/\">\n                <div class=\"elementskit-box-header image-box-img-center\">\n\n                    <img loading=\"lazy\" decoding=\"async\" width=\"350\" height=\"350\" src=\"https:\/\/i0.wp.com\/state.softdepothosting.com\/wp-content\/uploads\/2026\/03\/state-res-gas-1.png?fit=350%2C350&amp;ssl=1\" class=\"attachment-full size-full wp-image-3594\" alt=\"\" srcset=\"https:\/\/i0.wp.com\/state.softdepothosting.com\/wp-content\/uploads\/2026\/03\/state-res-gas-1.png?w=350&amp;ssl=1 350w, https:\/\/i0.wp.com\/state.softdepothosting.com\/wp-content\/uploads\/2026\/03\/state-res-gas-1.png?resize=300%2C300&amp;ssl=1 300w, https:\/\/i0.wp.com\/state.softdepothosting.com\/wp-content\/uploads\/2026\/03\/state-res-gas-1.png?resize=150%2C150&amp;ssl=1 150w, https:\/\/i0.wp.com\/state.softdepothosting.com\/wp-content\/uploads\/2026\/03\/state-res-gas-1.png?resize=100%2C100&amp;ssl=1 100w\" sizes=\"auto, (max-width: 350px) 100vw, 350px\" \/>\n                <\/div>\n                <\/a>\n                <div class=\"elementskit-box-body ekit-image-box-body\">\n                    <div class=\"elementskit-box-content ekit-image-box-body-inner\">\n                                                <h3 class=\"elementskit-info-box-title\">\n\n                        Calentadores de agua con tanque de gas\n                        \n                    <\/h3>\n                                                            <div class=\"elementskit-box-style-content\">\n                        Residencial                    <\/div>\n                                    <\/div>\n\n                            <\/div>\n            <\/div>\n    <\/div>\t\t\t\t<\/div>\n\t\t\t\t<div class=\"elementor-element elementor-element-676b3cf1 ekit-equal-height-enable elementor-widget elementor-widget-elementskit-image-box\" data-id=\"676b3cf1\" data-element_type=\"widget\" data-e-type=\"widget\" data-widget_type=\"elementskit-image-box.default\">\n\t\t\t\t\t<div class=\"ekit-wid-con\" >\n            <div class=\"elementskit-info-image-box ekit-image-box text-center hover_from_right hover-border-bottom\" >\n\n                <a href=\"https:\/\/state.softdepothosting.com\/es\/categoria-producto\/residential\/electric\/\">\n                <div class=\"elementskit-box-header image-box-img-center\">\n\n                    <img loading=\"lazy\" decoding=\"async\" width=\"350\" height=\"350\" src=\"https:\/\/i0.wp.com\/state.softdepothosting.com\/wp-content\/uploads\/2026\/03\/state-res-elec-2.png?fit=350%2C350&amp;ssl=1\" class=\"attachment-full size-full wp-image-3596\" alt=\"\" srcset=\"https:\/\/i0.wp.com\/state.softdepothosting.com\/wp-content\/uploads\/2026\/03\/state-res-elec-2.png?w=350&amp;ssl=1 350w, https:\/\/i0.wp.com\/state.softdepothosting.com\/wp-content\/uploads\/2026\/03\/state-res-elec-2.png?resize=300%2C300&amp;ssl=1 300w, https:\/\/i0.wp.com\/state.softdepothosting.com\/wp-content\/uploads\/2026\/03\/state-res-elec-2.png?resize=150%2C150&amp;ssl=1 150w, https:\/\/i0.wp.com\/state.softdepothosting.com\/wp-content\/uploads\/2026\/03\/state-res-elec-2.png?resize=100%2C100&amp;ssl=1 100w\" sizes=\"auto, (max-width: 350px) 100vw, 350px\" \/>\n                <\/div>\n                <\/a>\n                <div class=\"elementskit-box-body ekit-image-box-body\">\n                    <div class=\"elementskit-box-content ekit-image-box-body-inner\">\n                                                <h3 class=\"elementskit-info-box-title\">\n\n                        Calentadores de agua el\u00e9ctricos con tanque\n                        \n                    <\/h3>\n                                                            <div class=\"elementskit-box-style-content\">\n                        Residencial                    <\/div>\n                                    <\/div>\n\n                                <div class=\"elementskit-box-footer\">\n                    <div class=\"box-footer\">\n                        <div class=\"btn-wraper\">\n                                                            <a href=\"\" class=\"elementskit-btn whitespace--normal\">\n                                    \n                                    <i aria-hidden=\"true\" class=\"fasicon icon-right-arrow2\"><\/i>\n                                                                    <\/a>\n                                                        <\/div>\n                    <\/div>\n                <\/div>\n                            <\/div>\n            <\/div>\n    <\/div>\t\t\t\t<\/div>\n\t\t\t\t<div class=\"elementor-element elementor-element-66bc03b ekit-equal-height-enable elementor-widget elementor-widget-elementskit-image-box\" data-id=\"66bc03b\" data-element_type=\"widget\" data-e-type=\"widget\" data-widget_type=\"elementskit-image-box.default\">\n\t\t\t\t\t<div class=\"ekit-wid-con\" >\n            <div class=\"elementskit-info-image-box ekit-image-box text-center hover_from_right hover-border-bottom\" >\n\n                <a href=\"https:\/\/state.softdepothosting.com\/es\/categoria-producto\/residential\/pressure-tanks\/\">\n                <div class=\"elementskit-box-header image-box-img-center\">\n\n                    <img loading=\"lazy\" decoding=\"async\" width=\"300\" height=\"300\" src=\"https:\/\/i0.wp.com\/state.softdepothosting.com\/wp-content\/uploads\/2026\/04\/aos-residencial-1-1.webp?fit=300%2C300&amp;ssl=1\" class=\"attachment-full size-full wp-image-3755\" alt=\"\" srcset=\"https:\/\/i0.wp.com\/state.softdepothosting.com\/wp-content\/uploads\/2026\/04\/aos-residencial-1-1.webp?w=300&amp;ssl=1 300w, https:\/\/i0.wp.com\/state.softdepothosting.com\/wp-content\/uploads\/2026\/04\/aos-residencial-1-1.webp?resize=150%2C150&amp;ssl=1 150w, https:\/\/i0.wp.com\/state.softdepothosting.com\/wp-content\/uploads\/2026\/04\/aos-residencial-1-1.webp?resize=12%2C12&amp;ssl=1 12w, https:\/\/i0.wp.com\/state.softdepothosting.com\/wp-content\/uploads\/2026\/04\/aos-residencial-1-1.webp?resize=100%2C100&amp;ssl=1 100w\" sizes=\"auto, (max-width: 300px) 100vw, 300px\" \/>\n                <\/div>\n                <\/a>\n                <div class=\"elementskit-box-body ekit-image-box-body\">\n                    <div class=\"elementskit-box-content ekit-image-box-body-inner\">\n                                                <h3 class=\"elementskit-info-box-title\">\n\n                        Pressure Tanks\n                        \n                    <\/h3>\n                                                            <div class=\"elementskit-box-style-content\">\n                        Residencial                    <\/div>\n                                    <\/div>\n\n                                <div class=\"elementskit-box-footer\">\n                    <div class=\"box-footer\">\n                        <div class=\"btn-wraper\">\n                                                            <a href=\"\" class=\"elementskit-btn whitespace--normal\">\n                                    \n                                    <i aria-hidden=\"true\" class=\"fasicon icon-right-arrow2\"><\/i>\n                                                                    <\/a>\n                                                        <\/div>\n                    <\/div>\n                <\/div>\n                            <\/div>\n            <\/div>\n    <\/div>\t\t\t\t<\/div>\n\t\t\t\t<\/div>\n\t\t\t\t\t<\/div>\n\t\t\t\t<\/div>\n\t\t\t\t<\/div>","protected":false},"excerpt":{"rendered":"<p>Residential Water Heating State Water Heater provides a comprehensive range of residential water heating solutions. Select from a variety of ENERGY STAR\u00ae certified models for superior efficiency while also meeting specific household hot water requirements. Explore our lineup to find the perfect fit for your home&#8217;s water heating needs. Gas Tank Water Heaters Residential Electric [&hellip;]<\/p>\n","protected":false},"author":1,"featured_media":0,"parent":0,"menu_order":0,"comment_status":"closed","ping_status":"closed","template":"","meta":{"nf_dc_page":"","om_disable_all_campaigns":false,"_monsterinsights_skip_tracking":false,"_monsterinsights_sitenote_active":false,"_monsterinsights_sitenote_note":"","_monsterinsights_sitenote_category":0,"footnotes":""},"class_list":["post-211","page","type-page","status-publish","hentry"],"yoast_head":"<!-- This site is optimized with the Yoast SEO plugin v27.5 - https:\/\/yoast.com\/product\/yoast-seo-wordpress\/ -->\n<title>Residential - AO Smith<\/title>\n<meta name=\"robots\" content=\"index, follow, max-snippet:-1, max-image-preview:large, max-video-preview:-1\" \/>\n<link rel=\"canonical\" href=\"https:\/\/state.softdepothosting.com\/es\/residential\/\" \/>\n<meta property=\"og:locale\" content=\"es_MX\" \/>\n<meta property=\"og:type\" content=\"article\" \/>\n<meta property=\"og:title\" content=\"Residential - AO Smith\" \/>\n<meta property=\"og:description\" content=\"Residential Water Heating State Water Heater provides a comprehensive range of residential water heating solutions. Select from a variety of ENERGY STAR\u00ae certified models for superior efficiency while also meeting specific household hot water requirements. Explore our lineup to find the perfect fit for your home&#8217;s water heating needs. Gas Tank Water Heaters Residential Electric [&hellip;]\" \/>\n<meta property=\"og:url\" content=\"https:\/\/state.softdepothosting.com\/es\/residential\/\" \/>\n<meta property=\"og:site_name\" content=\"AO Smith\" \/>\n<meta property=\"article:modified_time\" content=\"2026-04-07T15:23:32+00:00\" \/>\n<meta property=\"og:image\" content=\"https:\/\/state.softdepothosting.com\/wp-content\/uploads\/2026\/03\/state-res-gas-1.png\" \/>\n<meta name=\"twitter:card\" content=\"summary_large_image\" \/>\n<meta name=\"twitter:label1\" content=\"Tiempo de lectura\" \/>\n\t<meta name=\"twitter:data1\" content=\"1 minuto\" \/>\n<script type=\"application\/ld+json\" class=\"yoast-schema-graph\">{\"@context\":\"https:\\\/\\\/schema.org\",\"@graph\":[{\"@type\":\"WebPage\",\"@id\":\"https:\\\/\\\/state.softdepothosting.com\\\/residential\\\/\",\"url\":\"https:\\\/\\\/state.softdepothosting.com\\\/residential\\\/\",\"name\":\"Residential - AO Smith\",\"isPartOf\":{\"@id\":\"https:\\\/\\\/state.softdepothosting.com\\\/#website\"},\"primaryImageOfPage\":{\"@id\":\"https:\\\/\\\/state.softdepothosting.com\\\/residential\\\/#primaryimage\"},\"image\":{\"@id\":\"https:\\\/\\\/state.softdepothosting.com\\\/residential\\\/#primaryimage\"},\"thumbnailUrl\":\"https:\\\/\\\/state.softdepothosting.com\\\/wp-content\\\/uploads\\\/2026\\\/03\\\/state-res-gas-1.png\",\"datePublished\":\"2025-12-03T21:46:07+00:00\",\"dateModified\":\"2026-04-07T15:23:32+00:00\",\"breadcrumb\":{\"@id\":\"https:\\\/\\\/state.softdepothosting.com\\\/residential\\\/#breadcrumb\"},\"inLanguage\":\"es\",\"potentialAction\":[{\"@type\":\"ReadAction\",\"target\":[\"https:\\\/\\\/state.softdepothosting.com\\\/residential\\\/\"]}]},{\"@type\":\"ImageObject\",\"inLanguage\":\"es\",\"@id\":\"https:\\\/\\\/state.softdepothosting.com\\\/residential\\\/#primaryimage\",\"url\":\"https:\\\/\\\/state.softdepothosting.com\\\/wp-content\\\/uploads\\\/2026\\\/03\\\/state-res-gas-1.png\",\"contentUrl\":\"https:\\\/\\\/state.softdepothosting.com\\\/wp-content\\\/uploads\\\/2026\\\/03\\\/state-res-gas-1.png\"},{\"@type\":\"BreadcrumbList\",\"@id\":\"https:\\\/\\\/state.softdepothosting.com\\\/residential\\\/#breadcrumb\",\"itemListElement\":[{\"@type\":\"ListItem\",\"position\":1,\"name\":\"Home\",\"item\":\"https:\\\/\\\/state.softdepothosting.com\\\/\"},{\"@type\":\"ListItem\",\"position\":2,\"name\":\"Residential\"}]},{\"@type\":\"WebSite\",\"@id\":\"https:\\\/\\\/state.softdepothosting.com\\\/#website\",\"url\":\"https:\\\/\\\/state.softdepothosting.com\\\/\",\"name\":\"AO Smith\",\"description\":\"\",\"publisher\":{\"@id\":\"https:\\\/\\\/state.softdepothosting.com\\\/#organization\"},\"potentialAction\":[{\"@type\":\"SearchAction\",\"target\":{\"@type\":\"EntryPoint\",\"urlTemplate\":\"https:\\\/\\\/state.softdepothosting.com\\\/?s={search_term_string}\"},\"query-input\":{\"@type\":\"PropertyValueSpecification\",\"valueRequired\":true,\"valueName\":\"search_term_string\"}}],\"inLanguage\":\"es\"},{\"@type\":\"Organization\",\"@id\":\"https:\\\/\\\/state.softdepothosting.com\\\/#organization\",\"name\":\"AO Smith\",\"url\":\"https:\\\/\\\/state.softdepothosting.com\\\/\",\"logo\":{\"@type\":\"ImageObject\",\"inLanguage\":\"es\",\"@id\":\"https:\\\/\\\/state.softdepothosting.com\\\/#\\\/schema\\\/logo\\\/image\\\/\",\"url\":\"https:\\\/\\\/i0.wp.com\\\/state.softdepothosting.com\\\/wp-content\\\/uploads\\\/2026\\\/03\\\/finalstate.png?fit=250%2C71&ssl=1\",\"contentUrl\":\"https:\\\/\\\/i0.wp.com\\\/state.softdepothosting.com\\\/wp-content\\\/uploads\\\/2026\\\/03\\\/finalstate.png?fit=250%2C71&ssl=1\",\"width\":250,\"height\":71,\"caption\":\"AO Smith\"},\"image\":{\"@id\":\"https:\\\/\\\/state.softdepothosting.com\\\/#\\\/schema\\\/logo\\\/image\\\/\"}}]}<\/script>\n<!-- \/ Yoast SEO plugin. -->","yoast_head_json":{"title":"Residential - AO Smith","robots":{"index":"index","follow":"follow","max-snippet":"max-snippet:-1","max-image-preview":"max-image-preview:large","max-video-preview":"max-video-preview:-1"},"canonical":"https:\/\/state.softdepothosting.com\/es\/residential\/","og_locale":"es_MX","og_type":"article","og_title":"Residential - AO Smith","og_description":"Residential Water Heating State Water Heater provides a comprehensive range of residential water heating solutions. Select from a variety of ENERGY STAR\u00ae certified models for superior efficiency while also meeting specific household hot water requirements. Explore our lineup to find the perfect fit for your home&#8217;s water heating needs. Gas Tank Water Heaters Residential Electric [&hellip;]","og_url":"https:\/\/state.softdepothosting.com\/es\/residential\/","og_site_name":"AO Smith","article_modified_time":"2026-04-07T15:23:32+00:00","og_image":[{"url":"https:\/\/state.softdepothosting.com\/wp-content\/uploads\/2026\/03\/state-res-gas-1.png","type":"","width":"","height":""}],"twitter_card":"summary_large_image","twitter_misc":{"Tiempo de lectura":"1 minuto"},"schema":{"@context":"https:\/\/schema.org","@graph":[{"@type":"WebPage","@id":"https:\/\/state.softdepothosting.com\/residential\/","url":"https:\/\/state.softdepothosting.com\/residential\/","name":"Residential - AO Smith","isPartOf":{"@id":"https:\/\/state.softdepothosting.com\/#website"},"primaryImageOfPage":{"@id":"https:\/\/state.softdepothosting.com\/residential\/#primaryimage"},"image":{"@id":"https:\/\/state.softdepothosting.com\/residential\/#primaryimage"},"thumbnailUrl":"https:\/\/state.softdepothosting.com\/wp-content\/uploads\/2026\/03\/state-res-gas-1.png","datePublished":"2025-12-03T21:46:07+00:00","dateModified":"2026-04-07T15:23:32+00:00","breadcrumb":{"@id":"https:\/\/state.softdepothosting.com\/residential\/#breadcrumb"},"inLanguage":"es","potentialAction":[{"@type":"ReadAction","target":["https:\/\/state.softdepothosting.com\/residential\/"]}]},{"@type":"ImageObject","inLanguage":"es","@id":"https:\/\/state.softdepothosting.com\/residential\/#primaryimage","url":"https:\/\/state.softdepothosting.com\/wp-content\/uploads\/2026\/03\/state-res-gas-1.png","contentUrl":"https:\/\/state.softdepothosting.com\/wp-content\/uploads\/2026\/03\/state-res-gas-1.png"},{"@type":"BreadcrumbList","@id":"https:\/\/state.softdepothosting.com\/residential\/#breadcrumb","itemListElement":[{"@type":"ListItem","position":1,"name":"Home","item":"https:\/\/state.softdepothosting.com\/"},{"@type":"ListItem","position":2,"name":"Residential"}]},{"@type":"WebSite","@id":"https:\/\/state.softdepothosting.com\/#website","url":"https:\/\/state.softdepothosting.com\/","name":"AO Smith","description":"","publisher":{"@id":"https:\/\/state.softdepothosting.com\/#organization"},"potentialAction":[{"@type":"SearchAction","target":{"@type":"EntryPoint","urlTemplate":"https:\/\/state.softdepothosting.com\/?s={search_term_string}"},"query-input":{"@type":"PropertyValueSpecification","valueRequired":true,"valueName":"search_term_string"}}],"inLanguage":"es"},{"@type":"Organization","@id":"https:\/\/state.softdepothosting.com\/#organization","name":"AO Smith","url":"https:\/\/state.softdepothosting.com\/","logo":{"@type":"ImageObject","inLanguage":"es","@id":"https:\/\/state.softdepothosting.com\/#\/schema\/logo\/image\/","url":"https:\/\/i0.wp.com\/state.softdepothosting.com\/wp-content\/uploads\/2026\/03\/finalstate.png?fit=250%2C71&ssl=1","contentUrl":"https:\/\/i0.wp.com\/state.softdepothosting.com\/wp-content\/uploads\/2026\/03\/finalstate.png?fit=250%2C71&ssl=1","width":250,"height":71,"caption":"AO Smith"},"image":{"@id":"https:\/\/state.softdepothosting.com\/#\/schema\/logo\/image\/"}}]}},"jetpack_sharing_enabled":true,"_links":{"self":[{"href":"https:\/\/state.softdepothosting.com\/es\/wp-json\/wp\/v2\/pages\/211","targetHints":{"allow":["GET"]}}],"collection":[{"href":"https:\/\/state.softdepothosting.com\/es\/wp-json\/wp\/v2\/pages"}],"about":[{"href":"https:\/\/state.softdepothosting.com\/es\/wp-json\/wp\/v2\/types\/page"}],"author":[{"embeddable":true,"href":"https:\/\/state.softdepothosting.com\/es\/wp-json\/wp\/v2\/users\/1"}],"replies":[{"embeddable":true,"href":"https:\/\/state.softdepothosting.com\/es\/wp-json\/wp\/v2\/comments?post=211"}],"version-history":[{"count":20,"href":"https:\/\/state.softdepothosting.com\/es\/wp-json\/wp\/v2\/pages\/211\/revisions"}],"predecessor-version":[{"id":3809,"href":"https:\/\/state.softdepothosting.com\/es\/wp-json\/wp\/v2\/pages\/211\/revisions\/3809"}],"wp:attachment":[{"href":"https:\/\/state.softdepothosting.com\/es\/wp-json\/wp\/v2\/media?parent=211"}],"curies":[{"name":"wp","href":"https:\/\/api.w.org\/{rel}","templated":true}]}}