{"id":220,"date":"2025-12-03T21:48:33","date_gmt":"2025-12-03T21:48:33","guid":{"rendered":"https:\/\/udl.pgm.mybluehost.me\/website_be195e0e\/?page_id=220"},"modified":"2026-04-07T15:25:45","modified_gmt":"2026-04-07T15:25:45","slug":"commercial","status":"publish","type":"page","link":"https:\/\/state.softdepothosting.com\/es\/commercial\/","title":{"rendered":"Comercial"},"content":{"rendered":"<div data-elementor-type=\"wp-page\" data-elementor-id=\"220\" class=\"elementor elementor-220\" data-elementor-post-type=\"page\">\n\t\t\t\t<div class=\"elementor-element elementor-element-43f103c1 e-flex e-con-boxed e-con e-parent\" data-id=\"43f103c1\" data-element_type=\"container\" data-e-type=\"container\" data-settings=\"{&quot;background_background&quot;:&quot;classic&quot;}\">\n\t\t\t\t\t<div class=\"e-con-inner\">\n\t\t\t\t<div class=\"elementor-element elementor-element-558f407e elementor-widget-tablet__width-initial elementor-widget__width-initial elementor-widget elementor-widget-elementskit-heading\" data-id=\"558f407e\" data-element_type=\"widget\" data-e-type=\"widget\" data-widget_type=\"elementskit-heading.default\">\n\t\t\t\t\t<div class=\"ekit-wid-con\" ><div class=\"ekit-heading elementskit-section-title-wraper text_left   ekit_heading_tablet-   ekit_heading_mobile-\"><h2 class=\"ekit-heading--title elementskit-section-title\">Calentamiento de agua comercial<\/h2>\t\t\t\t<div class='ekit-heading__description'>\n\t\t\t\t\t<p>State Water Heaters ofrece una amplia gama de calentadores de agua comerciales, calderas, tanques de almacenamiento, sistemas de estanter\u00edas y otros productos. Nuestra extensa selecci\u00f3n, que incluye opciones de gas, el\u00e9ctricas, con bomba de calor, de gas\u00f3leo y sin tanque, nos permite satisfacer las necesidades espec\u00edficas de diversas aplicaciones comerciales.<\/p>\n\t\t\t\t<\/div>\n\t\t\t<\/div><\/div>\t\t\t\t<\/div>\n\t\t\t\t\t<\/div>\n\t\t\t\t<\/div>\n\t\t<div class=\"elementor-element elementor-element-297a8eb7 e-flex e-con-boxed e-con e-parent\" data-id=\"297a8eb7\" data-element_type=\"container\" data-e-type=\"container\">\n\t\t\t\t\t<div class=\"e-con-inner\">\n\t\t<div class=\"elementor-element elementor-element-5d594abd e-con-full e-grid e-con e-child\" data-id=\"5d594abd\" data-element_type=\"container\" data-e-type=\"container\">\n\t\t\t\t<div class=\"elementor-element elementor-element-45a2e75a ekit-equal-height-enable elementor-widget elementor-widget-elementskit-image-box\" data-id=\"45a2e75a\" data-element_type=\"widget\" data-e-type=\"widget\" data-widget_type=\"elementskit-image-box.default\">\n\t\t\t\t\t<div class=\"ekit-wid-con\" >\n            <div class=\"elementskit-info-image-box ekit-image-box text-center hover_from_right hover-border-bottom\" >\n\n                <a href=\"https:\/\/state.softdepothosting.com\/es\/categoria-producto\/commercial\/gas-commercial\/\">\n                <div class=\"elementskit-box-header image-box-img-center\">\n\n                    <img loading=\"lazy\" decoding=\"async\" width=\"350\" height=\"350\" src=\"https:\/\/i0.wp.com\/state.softdepothosting.com\/wp-content\/uploads\/2026\/03\/state-comercial-gas-1-1.png?fit=350%2C350&amp;ssl=1\" class=\"attachment-full size-full wp-image-3608\" alt=\"\" srcset=\"https:\/\/i0.wp.com\/state.softdepothosting.com\/wp-content\/uploads\/2026\/03\/state-comercial-gas-1-1.png?w=350&amp;ssl=1 350w, https:\/\/i0.wp.com\/state.softdepothosting.com\/wp-content\/uploads\/2026\/03\/state-comercial-gas-1-1.png?resize=300%2C300&amp;ssl=1 300w, https:\/\/i0.wp.com\/state.softdepothosting.com\/wp-content\/uploads\/2026\/03\/state-comercial-gas-1-1.png?resize=150%2C150&amp;ssl=1 150w, https:\/\/i0.wp.com\/state.softdepothosting.com\/wp-content\/uploads\/2026\/03\/state-comercial-gas-1-1.png?resize=100%2C100&amp;ssl=1 100w\" sizes=\"auto, (max-width: 350px) 100vw, 350px\" \/>\n                <\/div>\n                <\/a>\n                <div class=\"elementskit-box-body ekit-image-box-body\">\n                    <div class=\"elementskit-box-content ekit-image-box-body-inner\">\n                                                <h3 class=\"elementskit-info-box-title\">\n\n                        Calentadores de agua con tanque de gas\n                        \n                    <\/h3>\n                                                            <div class=\"elementskit-box-style-content\">\n                        Comercial                    <\/div>\n                                    <\/div>\n\n                            <\/div>\n            <\/div>\n    <\/div>\t\t\t\t<\/div>\n\t\t\t\t<div class=\"elementor-element elementor-element-41e9c492 ekit-equal-height-enable elementor-widget elementor-widget-elementskit-image-box\" data-id=\"41e9c492\" data-element_type=\"widget\" data-e-type=\"widget\" data-widget_type=\"elementskit-image-box.default\">\n\t\t\t\t\t<div class=\"ekit-wid-con\" >\n            <div class=\"elementskit-info-image-box ekit-image-box text-center hover_from_right hover-border-bottom\" >\n\n                <a href=\"https:\/\/state.softdepothosting.com\/es\/categoria-producto\/commercial\/electric-commercial\/\">\n                <div class=\"elementskit-box-header image-box-img-center\">\n\n                    <img loading=\"lazy\" decoding=\"async\" width=\"350\" height=\"350\" src=\"https:\/\/i0.wp.com\/state.softdepothosting.com\/wp-content\/uploads\/2026\/03\/state-com-elec-2.png?fit=350%2C350&amp;ssl=1\" class=\"attachment-full size-full wp-image-3610\" alt=\"\" srcset=\"https:\/\/i0.wp.com\/state.softdepothosting.com\/wp-content\/uploads\/2026\/03\/state-com-elec-2.png?w=350&amp;ssl=1 350w, https:\/\/i0.wp.com\/state.softdepothosting.com\/wp-content\/uploads\/2026\/03\/state-com-elec-2.png?resize=300%2C300&amp;ssl=1 300w, https:\/\/i0.wp.com\/state.softdepothosting.com\/wp-content\/uploads\/2026\/03\/state-com-elec-2.png?resize=150%2C150&amp;ssl=1 150w, https:\/\/i0.wp.com\/state.softdepothosting.com\/wp-content\/uploads\/2026\/03\/state-com-elec-2.png?resize=100%2C100&amp;ssl=1 100w\" sizes=\"auto, (max-width: 350px) 100vw, 350px\" \/>\n                <\/div>\n                <\/a>\n                <div class=\"elementskit-box-body ekit-image-box-body\">\n                    <div class=\"elementskit-box-content ekit-image-box-body-inner\">\n                                                <h3 class=\"elementskit-info-box-title\">\n\n                        Calentadores de agua el\u00e9ctricos con tanque\n                        \n                    <\/h3>\n                                                            <div class=\"elementskit-box-style-content\">\n                        Comercial                    <\/div>\n                                    <\/div>\n\n                                <div class=\"elementskit-box-footer\">\n                    <div class=\"box-footer\">\n                        <div class=\"btn-wraper\">\n                                                            <a href=\"\" class=\"elementskit-btn whitespace--normal\">\n                                    \n                                    <i aria-hidden=\"true\" class=\"fasicon icon-right-arrow2\"><\/i>\n                                                                    <\/a>\n                                                        <\/div>\n                    <\/div>\n                <\/div>\n                            <\/div>\n            <\/div>\n    <\/div>\t\t\t\t<\/div>\n\t\t\t\t<div class=\"elementor-element elementor-element-16086e9 ekit-equal-height-enable elementor-widget elementor-widget-elementskit-image-box\" data-id=\"16086e9\" data-element_type=\"widget\" data-e-type=\"widget\" data-widget_type=\"elementskit-image-box.default\">\n\t\t\t\t\t<div class=\"ekit-wid-con\" >\n            <div class=\"elementskit-info-image-box ekit-image-box text-center hover_from_center hover-border-bottom\" >\n\n                <a href=\"https:\/\/state.softdepothosting.com\/es\/categoria-producto\/commercial\/storage-tank\/\">\n                <div class=\"elementskit-box-header image-box-img-center\">\n\n                    <img loading=\"lazy\" decoding=\"async\" width=\"500\" height=\"500\" src=\"https:\/\/i0.wp.com\/state.softdepothosting.com\/wp-content\/uploads\/2026\/03\/storage_tanks_transparent_smooth.png?fit=500%2C500&amp;ssl=1\" class=\"attachment-full size-full wp-image-3670\" alt=\"\" srcset=\"https:\/\/i0.wp.com\/state.softdepothosting.com\/wp-content\/uploads\/2026\/03\/storage_tanks_transparent_smooth.png?w=500&amp;ssl=1 500w, https:\/\/i0.wp.com\/state.softdepothosting.com\/wp-content\/uploads\/2026\/03\/storage_tanks_transparent_smooth.png?resize=300%2C300&amp;ssl=1 300w, https:\/\/i0.wp.com\/state.softdepothosting.com\/wp-content\/uploads\/2026\/03\/storage_tanks_transparent_smooth.png?resize=150%2C150&amp;ssl=1 150w, https:\/\/i0.wp.com\/state.softdepothosting.com\/wp-content\/uploads\/2026\/03\/storage_tanks_transparent_smooth.png?resize=100%2C100&amp;ssl=1 100w\" sizes=\"auto, (max-width: 500px) 100vw, 500px\" \/>\n                <\/div>\n                <\/a>\n                <div class=\"elementskit-box-body ekit-image-box-body\">\n                    <div class=\"elementskit-box-content ekit-image-box-body-inner\">\n                                                <h3 class=\"elementskit-info-box-title\">\n\n                        Storage Tank\n                        \n                    <\/h3>\n                                                            <div class=\"elementskit-box-style-content\">\n                        Comercial                    <\/div>\n                                    <\/div>\n\n                                <div class=\"elementskit-box-footer\">\n                    <div class=\"box-footer\">\n                        <div class=\"btn-wraper\">\n                                                            <a href=\"\" class=\"elementskit-btn whitespace--normal\">\n                                    \n                                    <i aria-hidden=\"true\" class=\"fasicon icon-right-arrow2\"><\/i>\n                                                                    <\/a>\n                                                        <\/div>\n                    <\/div>\n                <\/div>\n                            <\/div>\n            <\/div>\n    <\/div>\t\t\t\t<\/div>\n\t\t\t\t<\/div>\n\t\t\t\t\t<\/div>\n\t\t\t\t<\/div>\n\t\t\t\t<\/div>","protected":false},"excerpt":{"rendered":"<p>Commercial Water Heating State Water Heaters offers a diverse range of commercial water heaters, boilers, storage tanks, rack systems, and additional products. Our extensive selection, featuring gas, electric, heat pump, oil, and tankless options, allows us to address the distinct requirements of various commercial applications. Gas Tank Water Heaters Commercial Electric Tank Water Heaters Commercial [&hellip;]<\/p>\n","protected":false},"author":1,"featured_media":0,"parent":0,"menu_order":0,"comment_status":"closed","ping_status":"closed","template":"","meta":{"nf_dc_page":"","om_disable_all_campaigns":false,"_monsterinsights_skip_tracking":false,"_monsterinsights_sitenote_active":false,"_monsterinsights_sitenote_note":"","_monsterinsights_sitenote_category":0,"footnotes":""},"class_list":["post-220","page","type-page","status-publish","hentry"],"yoast_head":"<!-- This site is optimized with the Yoast SEO plugin v27.5 - https:\/\/yoast.com\/product\/yoast-seo-wordpress\/ -->\n<title>Commercial - AO Smith<\/title>\n<meta name=\"robots\" content=\"index, follow, max-snippet:-1, max-image-preview:large, max-video-preview:-1\" \/>\n<link rel=\"canonical\" href=\"https:\/\/state.softdepothosting.com\/es\/commercial\/\" \/>\n<meta property=\"og:locale\" content=\"es_MX\" \/>\n<meta property=\"og:type\" content=\"article\" \/>\n<meta property=\"og:title\" content=\"Commercial - AO Smith\" \/>\n<meta property=\"og:description\" content=\"Commercial Water Heating State Water Heaters offers a diverse range of commercial water heaters, boilers, storage tanks, rack systems, and additional products. Our extensive selection, featuring gas, electric, heat pump, oil, and tankless options, allows us to address the distinct requirements of various commercial applications. Gas Tank Water Heaters Commercial Electric Tank Water Heaters Commercial [&hellip;]\" \/>\n<meta property=\"og:url\" content=\"https:\/\/state.softdepothosting.com\/es\/commercial\/\" \/>\n<meta property=\"og:site_name\" content=\"AO Smith\" \/>\n<meta property=\"article:modified_time\" content=\"2026-04-07T15:25:45+00:00\" \/>\n<meta property=\"og:image\" content=\"https:\/\/state.softdepothosting.com\/wp-content\/uploads\/2026\/03\/state-comercial-gas-1-1.png\" \/>\n<meta name=\"twitter:card\" content=\"summary_large_image\" \/>\n<meta name=\"twitter:label1\" content=\"Tiempo de lectura\" \/>\n\t<meta name=\"twitter:data1\" content=\"1 minuto\" \/>\n<script type=\"application\/ld+json\" class=\"yoast-schema-graph\">{\"@context\":\"https:\\\/\\\/schema.org\",\"@graph\":[{\"@type\":\"WebPage\",\"@id\":\"https:\\\/\\\/state.softdepothosting.com\\\/commercial\\\/\",\"url\":\"https:\\\/\\\/state.softdepothosting.com\\\/commercial\\\/\",\"name\":\"Commercial - AO Smith\",\"isPartOf\":{\"@id\":\"https:\\\/\\\/state.softdepothosting.com\\\/#website\"},\"primaryImageOfPage\":{\"@id\":\"https:\\\/\\\/state.softdepothosting.com\\\/commercial\\\/#primaryimage\"},\"image\":{\"@id\":\"https:\\\/\\\/state.softdepothosting.com\\\/commercial\\\/#primaryimage\"},\"thumbnailUrl\":\"https:\\\/\\\/state.softdepothosting.com\\\/wp-content\\\/uploads\\\/2026\\\/03\\\/state-comercial-gas-1-1.png\",\"datePublished\":\"2025-12-03T21:48:33+00:00\",\"dateModified\":\"2026-04-07T15:25:45+00:00\",\"breadcrumb\":{\"@id\":\"https:\\\/\\\/state.softdepothosting.com\\\/commercial\\\/#breadcrumb\"},\"inLanguage\":\"es\",\"potentialAction\":[{\"@type\":\"ReadAction\",\"target\":[\"https:\\\/\\\/state.softdepothosting.com\\\/commercial\\\/\"]}]},{\"@type\":\"ImageObject\",\"inLanguage\":\"es\",\"@id\":\"https:\\\/\\\/state.softdepothosting.com\\\/commercial\\\/#primaryimage\",\"url\":\"https:\\\/\\\/state.softdepothosting.com\\\/wp-content\\\/uploads\\\/2026\\\/03\\\/state-comercial-gas-1-1.png\",\"contentUrl\":\"https:\\\/\\\/state.softdepothosting.com\\\/wp-content\\\/uploads\\\/2026\\\/03\\\/state-comercial-gas-1-1.png\"},{\"@type\":\"BreadcrumbList\",\"@id\":\"https:\\\/\\\/state.softdepothosting.com\\\/commercial\\\/#breadcrumb\",\"itemListElement\":[{\"@type\":\"ListItem\",\"position\":1,\"name\":\"Home\",\"item\":\"https:\\\/\\\/state.softdepothosting.com\\\/\"},{\"@type\":\"ListItem\",\"position\":2,\"name\":\"Commercial\"}]},{\"@type\":\"WebSite\",\"@id\":\"https:\\\/\\\/state.softdepothosting.com\\\/#website\",\"url\":\"https:\\\/\\\/state.softdepothosting.com\\\/\",\"name\":\"AO Smith\",\"description\":\"\",\"publisher\":{\"@id\":\"https:\\\/\\\/state.softdepothosting.com\\\/#organization\"},\"potentialAction\":[{\"@type\":\"SearchAction\",\"target\":{\"@type\":\"EntryPoint\",\"urlTemplate\":\"https:\\\/\\\/state.softdepothosting.com\\\/?s={search_term_string}\"},\"query-input\":{\"@type\":\"PropertyValueSpecification\",\"valueRequired\":true,\"valueName\":\"search_term_string\"}}],\"inLanguage\":\"es\"},{\"@type\":\"Organization\",\"@id\":\"https:\\\/\\\/state.softdepothosting.com\\\/#organization\",\"name\":\"AO Smith\",\"url\":\"https:\\\/\\\/state.softdepothosting.com\\\/\",\"logo\":{\"@type\":\"ImageObject\",\"inLanguage\":\"es\",\"@id\":\"https:\\\/\\\/state.softdepothosting.com\\\/#\\\/schema\\\/logo\\\/image\\\/\",\"url\":\"https:\\\/\\\/i0.wp.com\\\/state.softdepothosting.com\\\/wp-content\\\/uploads\\\/2026\\\/03\\\/finalstate.png?fit=250%2C71&ssl=1\",\"contentUrl\":\"https:\\\/\\\/i0.wp.com\\\/state.softdepothosting.com\\\/wp-content\\\/uploads\\\/2026\\\/03\\\/finalstate.png?fit=250%2C71&ssl=1\",\"width\":250,\"height\":71,\"caption\":\"AO Smith\"},\"image\":{\"@id\":\"https:\\\/\\\/state.softdepothosting.com\\\/#\\\/schema\\\/logo\\\/image\\\/\"}}]}<\/script>\n<!-- \/ Yoast SEO plugin. -->","yoast_head_json":{"title":"Commercial - AO Smith","robots":{"index":"index","follow":"follow","max-snippet":"max-snippet:-1","max-image-preview":"max-image-preview:large","max-video-preview":"max-video-preview:-1"},"canonical":"https:\/\/state.softdepothosting.com\/es\/commercial\/","og_locale":"es_MX","og_type":"article","og_title":"Commercial - AO Smith","og_description":"Commercial Water Heating State Water Heaters offers a diverse range of commercial water heaters, boilers, storage tanks, rack systems, and additional products. Our extensive selection, featuring gas, electric, heat pump, oil, and tankless options, allows us to address the distinct requirements of various commercial applications. Gas Tank Water Heaters Commercial Electric Tank Water Heaters Commercial [&hellip;]","og_url":"https:\/\/state.softdepothosting.com\/es\/commercial\/","og_site_name":"AO Smith","article_modified_time":"2026-04-07T15:25:45+00:00","og_image":[{"url":"https:\/\/state.softdepothosting.com\/wp-content\/uploads\/2026\/03\/state-comercial-gas-1-1.png","type":"","width":"","height":""}],"twitter_card":"summary_large_image","twitter_misc":{"Tiempo de lectura":"1 minuto"},"schema":{"@context":"https:\/\/schema.org","@graph":[{"@type":"WebPage","@id":"https:\/\/state.softdepothosting.com\/commercial\/","url":"https:\/\/state.softdepothosting.com\/commercial\/","name":"Commercial - AO Smith","isPartOf":{"@id":"https:\/\/state.softdepothosting.com\/#website"},"primaryImageOfPage":{"@id":"https:\/\/state.softdepothosting.com\/commercial\/#primaryimage"},"image":{"@id":"https:\/\/state.softdepothosting.com\/commercial\/#primaryimage"},"thumbnailUrl":"https:\/\/state.softdepothosting.com\/wp-content\/uploads\/2026\/03\/state-comercial-gas-1-1.png","datePublished":"2025-12-03T21:48:33+00:00","dateModified":"2026-04-07T15:25:45+00:00","breadcrumb":{"@id":"https:\/\/state.softdepothosting.com\/commercial\/#breadcrumb"},"inLanguage":"es","potentialAction":[{"@type":"ReadAction","target":["https:\/\/state.softdepothosting.com\/commercial\/"]}]},{"@type":"ImageObject","inLanguage":"es","@id":"https:\/\/state.softdepothosting.com\/commercial\/#primaryimage","url":"https:\/\/state.softdepothosting.com\/wp-content\/uploads\/2026\/03\/state-comercial-gas-1-1.png","contentUrl":"https:\/\/state.softdepothosting.com\/wp-content\/uploads\/2026\/03\/state-comercial-gas-1-1.png"},{"@type":"BreadcrumbList","@id":"https:\/\/state.softdepothosting.com\/commercial\/#breadcrumb","itemListElement":[{"@type":"ListItem","position":1,"name":"Home","item":"https:\/\/state.softdepothosting.com\/"},{"@type":"ListItem","position":2,"name":"Commercial"}]},{"@type":"WebSite","@id":"https:\/\/state.softdepothosting.com\/#website","url":"https:\/\/state.softdepothosting.com\/","name":"AO Smith","description":"","publisher":{"@id":"https:\/\/state.softdepothosting.com\/#organization"},"potentialAction":[{"@type":"SearchAction","target":{"@type":"EntryPoint","urlTemplate":"https:\/\/state.softdepothosting.com\/?s={search_term_string}"},"query-input":{"@type":"PropertyValueSpecification","valueRequired":true,"valueName":"search_term_string"}}],"inLanguage":"es"},{"@type":"Organization","@id":"https:\/\/state.softdepothosting.com\/#organization","name":"AO Smith","url":"https:\/\/state.softdepothosting.com\/","logo":{"@type":"ImageObject","inLanguage":"es","@id":"https:\/\/state.softdepothosting.com\/#\/schema\/logo\/image\/","url":"https:\/\/i0.wp.com\/state.softdepothosting.com\/wp-content\/uploads\/2026\/03\/finalstate.png?fit=250%2C71&ssl=1","contentUrl":"https:\/\/i0.wp.com\/state.softdepothosting.com\/wp-content\/uploads\/2026\/03\/finalstate.png?fit=250%2C71&ssl=1","width":250,"height":71,"caption":"AO Smith"},"image":{"@id":"https:\/\/state.softdepothosting.com\/#\/schema\/logo\/image\/"}}]}},"jetpack_sharing_enabled":true,"_links":{"self":[{"href":"https:\/\/state.softdepothosting.com\/es\/wp-json\/wp\/v2\/pages\/220","targetHints":{"allow":["GET"]}}],"collection":[{"href":"https:\/\/state.softdepothosting.com\/es\/wp-json\/wp\/v2\/pages"}],"about":[{"href":"https:\/\/state.softdepothosting.com\/es\/wp-json\/wp\/v2\/types\/page"}],"author":[{"embeddable":true,"href":"https:\/\/state.softdepothosting.com\/es\/wp-json\/wp\/v2\/users\/1"}],"replies":[{"embeddable":true,"href":"https:\/\/state.softdepothosting.com\/es\/wp-json\/wp\/v2\/comments?post=220"}],"version-history":[{"count":20,"href":"https:\/\/state.softdepothosting.com\/es\/wp-json\/wp\/v2\/pages\/220\/revisions"}],"predecessor-version":[{"id":3812,"href":"https:\/\/state.softdepothosting.com\/es\/wp-json\/wp\/v2\/pages\/220\/revisions\/3812"}],"wp:attachment":[{"href":"https:\/\/state.softdepothosting.com\/es\/wp-json\/wp\/v2\/media?parent=220"}],"curies":[{"name":"wp","href":"https:\/\/api.w.org\/{rel}","templated":true}]}}