{"id":1483,"date":"2026-01-09T16:06:15","date_gmt":"2026-01-09T16:06:15","guid":{"rendered":"https:\/\/aosmith.softdepothosting.com\/?post_type=product&#038;p=1483"},"modified":"2026-04-22T18:50:19","modified_gmt":"2026-04-22T18:50:19","slug":"proline","status":"publish","type":"product","link":"https:\/\/state.softdepothosting.com\/es\/producto\/proline\/","title":{"rendered":"ProLine Gas Storage Tank"},"content":{"rendered":"<div class=\"caracteristicas\">\n<p><span style=\"color: #005cc8;\"><strong>Caracter\u00edsticas<\/strong><\/span><\/p>\n<ul>\n<li>Ideal para climas muy fr\u00edos y para ir a la ducha en trayectos largos.<\/li>\n<li>Olv\u00eddese de los f\u00f3sforos, encendido piezoel\u00e9ctrico seguro y sencillo.<\/li>\n<li>Amplia variedad de capacidades.<\/li>\n<\/ul>\n<p>&nbsp;<\/p>\n<p><span style=\"color: #005cc8;\"><strong>Ventajas<\/strong><\/span><\/p>\n<ul>\n<li>La mejor eficiencia y ahorro de su categor\u00eda.<\/li>\n<li>V\u00e1lvula de gas Honeywell con sistema inteligente de autodiagn\u00f3stico.<\/li>\n<li>Tanque con revestimiento de porcelana y escudo cer\u00e1mico fusionado.<\/li>\n<li>Aislamiento de espuma de poliuretano de alta densidad libre de CFC.<\/li>\n<li>Sistema de autolimpieza Dynaclean.<\/li>\n<li>Protecci\u00f3n antical con \u00e1nodo de sacrificio y llave de drenaje.<\/li>\n<li>V\u00e1lvula de seguridad de temperatura y presi\u00f3n.<\/li>\n<\/ul>\n<\/div>\n<p>&nbsp;<\/p>\n<p><a href=\"https:\/\/state.softdepothosting.com\/wp-content\/uploads\/2026\/03\/FT-State-Deposito-Gas-PROLINE-HIGH_HONEYWELL.pdf\"><img data-recalc-dims=\"1\" loading=\"lazy\" decoding=\"async\" class=\"alignnone wp-image-3527 size-full\" src=\"https:\/\/state.softdepothosting.com\/wp-content\/uploads\/2026\/01\/fichatecnica.webp\" alt=\"\" width=\"309\" height=\"124\" srcset=\"https:\/\/i0.wp.com\/state.softdepothosting.com\/wp-content\/uploads\/2026\/01\/fichatecnica.webp?w=317&ssl=1 317w, https:\/\/i0.wp.com\/state.softdepothosting.com\/wp-content\/uploads\/2026\/01\/fichatecnica.webp?resize=300%2C142&ssl=1 300w\" sizes=\"auto, (max-width: 309px) 100vw, 309px\" \/><\/a><\/p>\n<p>&nbsp;<\/p>","protected":false},"excerpt":{"rendered":"<p><img fetchpriority=\"high\" decoding=\"async\" class=\"aligncenter wp-image-3572 size-full\" src=\"https:\/\/state.softdepothosting.com\/wp-content\/uploads\/2026\/01\/Captura-de-pantalla-2026-03-02-110231.webp\" alt=\"\" width=\"1221\" height=\"450\" srcset=\"https:\/\/i0.wp.com\/state.softdepothosting.com\/wp-content\/uploads\/2026\/01\/Captura-de-pantalla-2026-03-02-110231.webp?w=1209&ssl=1 1209w, https:\/\/i0.wp.com\/state.softdepothosting.com\/wp-content\/uploads\/2026\/01\/Captura-de-pantalla-2026-03-02-110231.webp?resize=300%2C114&ssl=1 300w, https:\/\/i0.wp.com\/state.softdepothosting.com\/wp-content\/uploads\/2026\/01\/Captura-de-pantalla-2026-03-02-110231.webp?resize=1024%2C388&ssl=1 1024w, https:\/\/i0.wp.com\/state.softdepothosting.com\/wp-content\/uploads\/2026\/01\/Captura-de-pantalla-2026-03-02-110231.webp?resize=768%2C291&ssl=1 768w, https:\/\/i0.wp.com\/state.softdepothosting.com\/wp-content\/uploads\/2026\/01\/Captura-de-pantalla-2026-03-02-110231.webp?resize=600%2C227&ssl=1 600w\" sizes=\"(max-width: 1221px) 100vw, 1221px\" \/><\/p>","protected":false},"featured_media":3447,"comment_status":"open","ping_status":"closed","template":"","meta":{"nf_dc_page":"","om_disable_all_campaigns":false,"_monsterinsights_skip_tracking":false,"_monsterinsights_sitenote_active":false,"_monsterinsights_sitenote_note":"","_monsterinsights_sitenote_category":0},"product_brand":[],"product_cat":[33,32],"product_tag":[],"class_list":{"0":"post-1483","1":"product","2":"type-product","3":"status-publish","4":"has-post-thumbnail","6":"product_cat-gas","7":"product_cat-residential","9":"first","10":"instock","11":"shipping-taxable","12":"product-type-simple"},"yoast_head":"<!-- This site is optimized with the Yoast SEO plugin v27.5 - https:\/\/yoast.com\/product\/yoast-seo-wordpress\/ -->\n<title>ProLine Gas Storage Tank - AO Smith<\/title>\n<meta name=\"robots\" content=\"index, follow, max-snippet:-1, max-image-preview:large, max-video-preview:-1\" \/>\n<link rel=\"canonical\" href=\"https:\/\/state.softdepothosting.com\/es\/producto\/proline\/\" \/>\n<meta property=\"og:locale\" content=\"es_MX\" \/>\n<meta property=\"og:type\" content=\"article\" \/>\n<meta property=\"og:title\" content=\"ProLine Gas Storage Tank - AO Smith\" \/>\n<meta property=\"og:url\" content=\"https:\/\/state.softdepothosting.com\/es\/producto\/proline\/\" \/>\n<meta property=\"og:site_name\" content=\"AO Smith\" \/>\n<meta property=\"article:modified_time\" content=\"2026-04-22T18:50:19+00:00\" \/>\n<meta property=\"og:image\" content=\"https:\/\/state.softdepothosting.com\/wp-content\/uploads\/2026\/01\/proline-state-gas.png\" \/>\n\t<meta property=\"og:image:width\" content=\"500\" \/>\n\t<meta property=\"og:image:height\" content=\"500\" \/>\n\t<meta property=\"og:image:type\" content=\"image\/png\" \/>\n<meta name=\"twitter:card\" content=\"summary_large_image\" \/>\n<meta name=\"twitter:label1\" content=\"Tiempo de lectura\" \/>\n\t<meta name=\"twitter:data1\" content=\"1 minuto\" \/>\n<script type=\"application\/ld+json\" class=\"yoast-schema-graph\">{\"@context\":\"https:\\\/\\\/schema.org\",\"@graph\":[{\"@type\":\"WebPage\",\"@id\":\"https:\\\/\\\/state.softdepothosting.com\\\/product\\\/proline\\\/\",\"url\":\"https:\\\/\\\/state.softdepothosting.com\\\/product\\\/proline\\\/\",\"name\":\"ProLine Gas Storage Tank - AO Smith\",\"isPartOf\":{\"@id\":\"https:\\\/\\\/state.softdepothosting.com\\\/#website\"},\"primaryImageOfPage\":{\"@id\":\"https:\\\/\\\/state.softdepothosting.com\\\/product\\\/proline\\\/#primaryimage\"},\"image\":{\"@id\":\"https:\\\/\\\/state.softdepothosting.com\\\/product\\\/proline\\\/#primaryimage\"},\"thumbnailUrl\":\"https:\\\/\\\/i0.wp.com\\\/state.softdepothosting.com\\\/wp-content\\\/uploads\\\/2026\\\/01\\\/proline-state-gas.png?fit=500%2C500&ssl=1\",\"datePublished\":\"2026-01-09T16:06:15+00:00\",\"dateModified\":\"2026-04-22T18:50:19+00:00\",\"breadcrumb\":{\"@id\":\"https:\\\/\\\/state.softdepothosting.com\\\/product\\\/proline\\\/#breadcrumb\"},\"inLanguage\":\"es\",\"potentialAction\":[{\"@type\":\"ReadAction\",\"target\":[\"https:\\\/\\\/state.softdepothosting.com\\\/product\\\/proline\\\/\"]}]},{\"@type\":\"ImageObject\",\"inLanguage\":\"es\",\"@id\":\"https:\\\/\\\/state.softdepothosting.com\\\/product\\\/proline\\\/#primaryimage\",\"url\":\"https:\\\/\\\/i0.wp.com\\\/state.softdepothosting.com\\\/wp-content\\\/uploads\\\/2026\\\/01\\\/proline-state-gas.png?fit=500%2C500&ssl=1\",\"contentUrl\":\"https:\\\/\\\/i0.wp.com\\\/state.softdepothosting.com\\\/wp-content\\\/uploads\\\/2026\\\/01\\\/proline-state-gas.png?fit=500%2C500&ssl=1\",\"width\":500,\"height\":500},{\"@type\":\"BreadcrumbList\",\"@id\":\"https:\\\/\\\/state.softdepothosting.com\\\/product\\\/proline\\\/#breadcrumb\",\"itemListElement\":[{\"@type\":\"ListItem\",\"position\":1,\"name\":\"Home\",\"item\":\"https:\\\/\\\/state.softdepothosting.com\\\/\"},{\"@type\":\"ListItem\",\"position\":2,\"name\":\"Products\",\"item\":\"https:\\\/\\\/state.softdepothosting.com\\\/shop\\\/\"},{\"@type\":\"ListItem\",\"position\":3,\"name\":\"ProLine Gas Storage Tank\"}]},{\"@type\":\"WebSite\",\"@id\":\"https:\\\/\\\/state.softdepothosting.com\\\/#website\",\"url\":\"https:\\\/\\\/state.softdepothosting.com\\\/\",\"name\":\"AO Smith\",\"description\":\"\",\"publisher\":{\"@id\":\"https:\\\/\\\/state.softdepothosting.com\\\/#organization\"},\"potentialAction\":[{\"@type\":\"SearchAction\",\"target\":{\"@type\":\"EntryPoint\",\"urlTemplate\":\"https:\\\/\\\/state.softdepothosting.com\\\/?s={search_term_string}\"},\"query-input\":{\"@type\":\"PropertyValueSpecification\",\"valueRequired\":true,\"valueName\":\"search_term_string\"}}],\"inLanguage\":\"es\"},{\"@type\":\"Organization\",\"@id\":\"https:\\\/\\\/state.softdepothosting.com\\\/#organization\",\"name\":\"AO Smith\",\"url\":\"https:\\\/\\\/state.softdepothosting.com\\\/\",\"logo\":{\"@type\":\"ImageObject\",\"inLanguage\":\"es\",\"@id\":\"https:\\\/\\\/state.softdepothosting.com\\\/#\\\/schema\\\/logo\\\/image\\\/\",\"url\":\"https:\\\/\\\/i0.wp.com\\\/state.softdepothosting.com\\\/wp-content\\\/uploads\\\/2026\\\/03\\\/finalstate.png?fit=250%2C71&ssl=1\",\"contentUrl\":\"https:\\\/\\\/i0.wp.com\\\/state.softdepothosting.com\\\/wp-content\\\/uploads\\\/2026\\\/03\\\/finalstate.png?fit=250%2C71&ssl=1\",\"width\":250,\"height\":71,\"caption\":\"AO Smith\"},\"image\":{\"@id\":\"https:\\\/\\\/state.softdepothosting.com\\\/#\\\/schema\\\/logo\\\/image\\\/\"}}]}<\/script>\n<!-- \/ Yoast SEO plugin. -->","yoast_head_json":{"title":"ProLine Gas Storage Tank - AO Smith","robots":{"index":"index","follow":"follow","max-snippet":"max-snippet:-1","max-image-preview":"max-image-preview:large","max-video-preview":"max-video-preview:-1"},"canonical":"https:\/\/state.softdepothosting.com\/es\/producto\/proline\/","og_locale":"es_MX","og_type":"article","og_title":"ProLine Gas Storage Tank - AO Smith","og_url":"https:\/\/state.softdepothosting.com\/es\/producto\/proline\/","og_site_name":"AO Smith","article_modified_time":"2026-04-22T18:50:19+00:00","og_image":[{"width":500,"height":500,"url":"https:\/\/state.softdepothosting.com\/wp-content\/uploads\/2026\/01\/proline-state-gas.png","type":"image\/png"}],"twitter_card":"summary_large_image","twitter_misc":{"Tiempo de lectura":"1 minuto"},"schema":{"@context":"https:\/\/schema.org","@graph":[{"@type":"WebPage","@id":"https:\/\/state.softdepothosting.com\/product\/proline\/","url":"https:\/\/state.softdepothosting.com\/product\/proline\/","name":"ProLine Gas Storage Tank - AO Smith","isPartOf":{"@id":"https:\/\/state.softdepothosting.com\/#website"},"primaryImageOfPage":{"@id":"https:\/\/state.softdepothosting.com\/product\/proline\/#primaryimage"},"image":{"@id":"https:\/\/state.softdepothosting.com\/product\/proline\/#primaryimage"},"thumbnailUrl":"https:\/\/i0.wp.com\/state.softdepothosting.com\/wp-content\/uploads\/2026\/01\/proline-state-gas.png?fit=500%2C500&ssl=1","datePublished":"2026-01-09T16:06:15+00:00","dateModified":"2026-04-22T18:50:19+00:00","breadcrumb":{"@id":"https:\/\/state.softdepothosting.com\/product\/proline\/#breadcrumb"},"inLanguage":"es","potentialAction":[{"@type":"ReadAction","target":["https:\/\/state.softdepothosting.com\/product\/proline\/"]}]},{"@type":"ImageObject","inLanguage":"es","@id":"https:\/\/state.softdepothosting.com\/product\/proline\/#primaryimage","url":"https:\/\/i0.wp.com\/state.softdepothosting.com\/wp-content\/uploads\/2026\/01\/proline-state-gas.png?fit=500%2C500&ssl=1","contentUrl":"https:\/\/i0.wp.com\/state.softdepothosting.com\/wp-content\/uploads\/2026\/01\/proline-state-gas.png?fit=500%2C500&ssl=1","width":500,"height":500},{"@type":"BreadcrumbList","@id":"https:\/\/state.softdepothosting.com\/product\/proline\/#breadcrumb","itemListElement":[{"@type":"ListItem","position":1,"name":"Home","item":"https:\/\/state.softdepothosting.com\/"},{"@type":"ListItem","position":2,"name":"Products","item":"https:\/\/state.softdepothosting.com\/shop\/"},{"@type":"ListItem","position":3,"name":"ProLine Gas Storage Tank"}]},{"@type":"WebSite","@id":"https:\/\/state.softdepothosting.com\/#website","url":"https:\/\/state.softdepothosting.com\/","name":"AO Smith","description":"","publisher":{"@id":"https:\/\/state.softdepothosting.com\/#organization"},"potentialAction":[{"@type":"SearchAction","target":{"@type":"EntryPoint","urlTemplate":"https:\/\/state.softdepothosting.com\/?s={search_term_string}"},"query-input":{"@type":"PropertyValueSpecification","valueRequired":true,"valueName":"search_term_string"}}],"inLanguage":"es"},{"@type":"Organization","@id":"https:\/\/state.softdepothosting.com\/#organization","name":"AO Smith","url":"https:\/\/state.softdepothosting.com\/","logo":{"@type":"ImageObject","inLanguage":"es","@id":"https:\/\/state.softdepothosting.com\/#\/schema\/logo\/image\/","url":"https:\/\/i0.wp.com\/state.softdepothosting.com\/wp-content\/uploads\/2026\/03\/finalstate.png?fit=250%2C71&ssl=1","contentUrl":"https:\/\/i0.wp.com\/state.softdepothosting.com\/wp-content\/uploads\/2026\/03\/finalstate.png?fit=250%2C71&ssl=1","width":250,"height":71,"caption":"AO Smith"},"image":{"@id":"https:\/\/state.softdepothosting.com\/#\/schema\/logo\/image\/"}}]}},"jetpack_sharing_enabled":true,"_links":{"self":[{"href":"https:\/\/state.softdepothosting.com\/es\/wp-json\/wp\/v2\/product\/1483","targetHints":{"allow":["GET"]}}],"collection":[{"href":"https:\/\/state.softdepothosting.com\/es\/wp-json\/wp\/v2\/product"}],"about":[{"href":"https:\/\/state.softdepothosting.com\/es\/wp-json\/wp\/v2\/types\/product"}],"replies":[{"embeddable":true,"href":"https:\/\/state.softdepothosting.com\/es\/wp-json\/wp\/v2\/comments?post=1483"}],"wp:featuredmedia":[{"embeddable":true,"href":"https:\/\/state.softdepothosting.com\/es\/wp-json\/wp\/v2\/media\/3447"}],"wp:attachment":[{"href":"https:\/\/state.softdepothosting.com\/es\/wp-json\/wp\/v2\/media?parent=1483"}],"wp:term":[{"taxonomy":"product_brand","embeddable":true,"href":"https:\/\/state.softdepothosting.com\/es\/wp-json\/wp\/v2\/product_brand?post=1483"},{"taxonomy":"product_cat","embeddable":true,"href":"https:\/\/state.softdepothosting.com\/es\/wp-json\/wp\/v2\/product_cat?post=1483"},{"taxonomy":"product_tag","embeddable":true,"href":"https:\/\/state.softdepothosting.com\/es\/wp-json\/wp\/v2\/product_tag?post=1483"}],"curies":[{"name":"wp","href":"https:\/\/api.w.org\/{rel}","templated":true}]}}