{"id":1613,"date":"2026-01-12T14:29:32","date_gmt":"2026-01-12T14:29:32","guid":{"rendered":"https:\/\/aosmith.softdepothosting.com\/?post_type=product&#038;p=1613"},"modified":"2026-03-03T15:54:14","modified_gmt":"2026-03-03T15:54:14","slug":"gold-xi-dve","status":"publish","type":"product","link":"https:\/\/state.softdepothosting.com\/es\/producto\/gold-xi-dve\/","title":{"rendered":"Sandblaster\u00ae CSB Immersion"},"content":{"rendered":"<div class=\"caracteristicas\">\n<div class=\"caracteristicas\">\n<div class=\"caracteristicas\">\n<p><span style=\"color: #005cc8;\"><strong>Caracter\u00edsticas<\/strong><\/span><\/p>\n<ul>\n<li>Calefacci\u00f3n extraordinaria y ahorro energ\u00e9tico gracias a sus dise\u00f1os innovadores.<\/li>\n<li>Ideal para todo tipo de aplicaciones, incluso en lugares con restricciones en el uso de gas o completamente cerrados.<\/li>\n<li>Equipos con sistemas de control inteligentes que cubren todo tipo de condiciones.<\/li>\n<\/ul>\n<p>&nbsp;<\/p>\n<p><span style=\"color: #005cc8;\"><strong>Ventajas<\/strong><\/span><\/p>\n<ul>\n<li>Dise\u00f1ado para aplicaciones de desinfecci\u00f3n.<\/li>\n<li>Rango de temperatura ajustable de 42 \u00b0C a 88 \u00b0C.<\/li>\n<li>Pantalla digital con control avanzado que muestra informaci\u00f3n detallada de funcionamiento y diagn\u00f3stico.<\/li>\n<li>Sistema de fusibles que protege todos los elementos, termostatos y circuitos de cableado interno.<\/li>\n<li>Disponible en capacidades de 50, 80 y 119 galones.<\/li>\n<li>Compatible con los sistemas de gesti\u00f3n de edificios BACnet y Modbus.<\/li>\n<li>Art\u00edculos con recubrimiento Incoloy: Proporcionan una excelente protecci\u00f3n contra el \u00f3xido y la acumulaci\u00f3n de sarro.<\/li>\n<li>V\u00e1lvula de seguridad de temperatura y presi\u00f3n.<\/li>\n<li>Dos \u00e1nodos de sacrificio para una mayor protecci\u00f3n contra la corrosi\u00f3n.<\/li>\n<li>Recubrimiento de espuma de poliuretano para una mayor eficiencia y ahorro de energ\u00eda.<\/li>\n<\/ul>\n<p>&nbsp;<\/p>\n<\/div>\n<div>*Consulte la ficha t\u00e9cnica para validar el modelo.<\/div>\n<\/div>\n<div><a href=\"https:\/\/state.softdepothosting.com\/wp-content\/uploads\/2026\/03\/ST-CBS-IFE-Sandblaster-Immersion.pdf\"><img data-recalc-dims=\"1\" loading=\"lazy\" decoding=\"async\" class=\"alignnone wp-image-3527 size-full\" src=\"https:\/\/state.softdepothosting.com\/wp-content\/uploads\/2026\/01\/fichatecnica.webp\" alt=\"\" width=\"309\" height=\"124\" srcset=\"https:\/\/i0.wp.com\/state.softdepothosting.com\/wp-content\/uploads\/2026\/01\/fichatecnica.webp?w=317&ssl=1 317w, https:\/\/i0.wp.com\/state.softdepothosting.com\/wp-content\/uploads\/2026\/01\/fichatecnica.webp?resize=300%2C142&ssl=1 300w\" sizes=\"auto, (max-width: 309px) 100vw, 309px\" \/><\/a><\/div>\n<\/div>","protected":false},"excerpt":{"rendered":"<p><img fetchpriority=\"high\" decoding=\"async\" class=\"aligncenter wp-image-3537 size-full\" src=\"https:\/\/state.softdepothosting.com\/wp-content\/uploads\/2026\/01\/Captura-de-pantalla-2026-03-02-115104.webp\" alt=\"\" width=\"790\" height=\"289\" srcset=\"https:\/\/i0.wp.com\/state.softdepothosting.com\/wp-content\/uploads\/2026\/01\/Captura-de-pantalla-2026-03-02-115104.webp?w=791&ssl=1 791w, https:\/\/i0.wp.com\/state.softdepothosting.com\/wp-content\/uploads\/2026\/01\/Captura-de-pantalla-2026-03-02-115104.webp?resize=300%2C112&ssl=1 300w, https:\/\/i0.wp.com\/state.softdepothosting.com\/wp-content\/uploads\/2026\/01\/Captura-de-pantalla-2026-03-02-115104.webp?resize=768%2C285&ssl=1 768w, https:\/\/i0.wp.com\/state.softdepothosting.com\/wp-content\/uploads\/2026\/01\/Captura-de-pantalla-2026-03-02-115104.webp?resize=600%2C223&ssl=1 600w\" sizes=\"(max-width: 790px) 100vw, 790px\" \/><\/p>","protected":false},"featured_media":3497,"comment_status":"open","ping_status":"closed","template":"","meta":{"nf_dc_page":"","om_disable_all_campaigns":false,"_monsterinsights_skip_tracking":false,"_monsterinsights_sitenote_active":false,"_monsterinsights_sitenote_note":"","_monsterinsights_sitenote_category":0},"product_brand":[],"product_cat":[35,37],"product_tag":[],"class_list":{"0":"post-1613","1":"product","2":"type-product","3":"status-publish","4":"has-post-thumbnail","6":"product_cat-commercial","7":"product_cat-electric-commercial","9":"first","10":"instock","11":"shipping-taxable","12":"product-type-simple"},"yoast_head":"<!-- This site is optimized with the Yoast SEO plugin v27.5 - https:\/\/yoast.com\/product\/yoast-seo-wordpress\/ -->\n<title>Sandblaster\u00ae CSB Immersion - AO Smith<\/title>\n<meta name=\"robots\" content=\"index, follow, max-snippet:-1, max-image-preview:large, max-video-preview:-1\" \/>\n<link rel=\"canonical\" href=\"https:\/\/state.softdepothosting.com\/es\/producto\/gold-xi-dve\/\" \/>\n<meta property=\"og:locale\" content=\"es_MX\" \/>\n<meta property=\"og:type\" content=\"article\" \/>\n<meta property=\"og:title\" content=\"Sandblaster\u00ae CSB Immersion - AO Smith\" \/>\n<meta property=\"og:url\" content=\"https:\/\/state.softdepothosting.com\/es\/producto\/gold-xi-dve\/\" \/>\n<meta property=\"og:site_name\" content=\"AO Smith\" \/>\n<meta property=\"article:modified_time\" content=\"2026-03-03T15:54:14+00:00\" \/>\n<meta property=\"og:image\" content=\"https:\/\/state.softdepothosting.com\/wp-content\/uploads\/2026\/01\/sandblaster-csb.png\" \/>\n\t<meta property=\"og:image:width\" content=\"500\" \/>\n\t<meta property=\"og:image:height\" content=\"500\" \/>\n\t<meta property=\"og:image:type\" content=\"image\/png\" \/>\n<meta name=\"twitter:card\" content=\"summary_large_image\" \/>\n<meta name=\"twitter:label1\" content=\"Tiempo de lectura\" \/>\n\t<meta name=\"twitter:data1\" content=\"1 minuto\" \/>\n<script type=\"application\/ld+json\" class=\"yoast-schema-graph\">{\"@context\":\"https:\\\/\\\/schema.org\",\"@graph\":[{\"@type\":\"WebPage\",\"@id\":\"https:\\\/\\\/state.softdepothosting.com\\\/product\\\/gold-xi-dve\\\/\",\"url\":\"https:\\\/\\\/state.softdepothosting.com\\\/product\\\/gold-xi-dve\\\/\",\"name\":\"Sandblaster\u00ae CSB Immersion - AO Smith\",\"isPartOf\":{\"@id\":\"https:\\\/\\\/state.softdepothosting.com\\\/#website\"},\"primaryImageOfPage\":{\"@id\":\"https:\\\/\\\/state.softdepothosting.com\\\/product\\\/gold-xi-dve\\\/#primaryimage\"},\"image\":{\"@id\":\"https:\\\/\\\/state.softdepothosting.com\\\/product\\\/gold-xi-dve\\\/#primaryimage\"},\"thumbnailUrl\":\"https:\\\/\\\/i0.wp.com\\\/state.softdepothosting.com\\\/wp-content\\\/uploads\\\/2026\\\/01\\\/sandblaster-csb.png?fit=500%2C500&ssl=1\",\"datePublished\":\"2026-01-12T14:29:32+00:00\",\"dateModified\":\"2026-03-03T15:54:14+00:00\",\"breadcrumb\":{\"@id\":\"https:\\\/\\\/state.softdepothosting.com\\\/product\\\/gold-xi-dve\\\/#breadcrumb\"},\"inLanguage\":\"es\",\"potentialAction\":[{\"@type\":\"ReadAction\",\"target\":[\"https:\\\/\\\/state.softdepothosting.com\\\/product\\\/gold-xi-dve\\\/\"]}]},{\"@type\":\"ImageObject\",\"inLanguage\":\"es\",\"@id\":\"https:\\\/\\\/state.softdepothosting.com\\\/product\\\/gold-xi-dve\\\/#primaryimage\",\"url\":\"https:\\\/\\\/i0.wp.com\\\/state.softdepothosting.com\\\/wp-content\\\/uploads\\\/2026\\\/01\\\/sandblaster-csb.png?fit=500%2C500&ssl=1\",\"contentUrl\":\"https:\\\/\\\/i0.wp.com\\\/state.softdepothosting.com\\\/wp-content\\\/uploads\\\/2026\\\/01\\\/sandblaster-csb.png?fit=500%2C500&ssl=1\",\"width\":500,\"height\":500},{\"@type\":\"BreadcrumbList\",\"@id\":\"https:\\\/\\\/state.softdepothosting.com\\\/product\\\/gold-xi-dve\\\/#breadcrumb\",\"itemListElement\":[{\"@type\":\"ListItem\",\"position\":1,\"name\":\"Home\",\"item\":\"https:\\\/\\\/state.softdepothosting.com\\\/\"},{\"@type\":\"ListItem\",\"position\":2,\"name\":\"Products\",\"item\":\"https:\\\/\\\/state.softdepothosting.com\\\/shop\\\/\"},{\"@type\":\"ListItem\",\"position\":3,\"name\":\"Sandblaster\u00ae CSB Immersion\"}]},{\"@type\":\"WebSite\",\"@id\":\"https:\\\/\\\/state.softdepothosting.com\\\/#website\",\"url\":\"https:\\\/\\\/state.softdepothosting.com\\\/\",\"name\":\"AO Smith\",\"description\":\"\",\"publisher\":{\"@id\":\"https:\\\/\\\/state.softdepothosting.com\\\/#organization\"},\"potentialAction\":[{\"@type\":\"SearchAction\",\"target\":{\"@type\":\"EntryPoint\",\"urlTemplate\":\"https:\\\/\\\/state.softdepothosting.com\\\/?s={search_term_string}\"},\"query-input\":{\"@type\":\"PropertyValueSpecification\",\"valueRequired\":true,\"valueName\":\"search_term_string\"}}],\"inLanguage\":\"es\"},{\"@type\":\"Organization\",\"@id\":\"https:\\\/\\\/state.softdepothosting.com\\\/#organization\",\"name\":\"AO Smith\",\"url\":\"https:\\\/\\\/state.softdepothosting.com\\\/\",\"logo\":{\"@type\":\"ImageObject\",\"inLanguage\":\"es\",\"@id\":\"https:\\\/\\\/state.softdepothosting.com\\\/#\\\/schema\\\/logo\\\/image\\\/\",\"url\":\"https:\\\/\\\/i0.wp.com\\\/state.softdepothosting.com\\\/wp-content\\\/uploads\\\/2026\\\/03\\\/finalstate.png?fit=250%2C71&ssl=1\",\"contentUrl\":\"https:\\\/\\\/i0.wp.com\\\/state.softdepothosting.com\\\/wp-content\\\/uploads\\\/2026\\\/03\\\/finalstate.png?fit=250%2C71&ssl=1\",\"width\":250,\"height\":71,\"caption\":\"AO Smith\"},\"image\":{\"@id\":\"https:\\\/\\\/state.softdepothosting.com\\\/#\\\/schema\\\/logo\\\/image\\\/\"}}]}<\/script>\n<!-- \/ Yoast SEO plugin. -->","yoast_head_json":{"title":"Sandblaster\u00ae CSB Immersion - AO Smith","robots":{"index":"index","follow":"follow","max-snippet":"max-snippet:-1","max-image-preview":"max-image-preview:large","max-video-preview":"max-video-preview:-1"},"canonical":"https:\/\/state.softdepothosting.com\/es\/producto\/gold-xi-dve\/","og_locale":"es_MX","og_type":"article","og_title":"Sandblaster\u00ae CSB Immersion - AO Smith","og_url":"https:\/\/state.softdepothosting.com\/es\/producto\/gold-xi-dve\/","og_site_name":"AO Smith","article_modified_time":"2026-03-03T15:54:14+00:00","og_image":[{"width":500,"height":500,"url":"https:\/\/state.softdepothosting.com\/wp-content\/uploads\/2026\/01\/sandblaster-csb.png","type":"image\/png"}],"twitter_card":"summary_large_image","twitter_misc":{"Tiempo de lectura":"1 minuto"},"schema":{"@context":"https:\/\/schema.org","@graph":[{"@type":"WebPage","@id":"https:\/\/state.softdepothosting.com\/product\/gold-xi-dve\/","url":"https:\/\/state.softdepothosting.com\/product\/gold-xi-dve\/","name":"Sandblaster\u00ae CSB Immersion - AO Smith","isPartOf":{"@id":"https:\/\/state.softdepothosting.com\/#website"},"primaryImageOfPage":{"@id":"https:\/\/state.softdepothosting.com\/product\/gold-xi-dve\/#primaryimage"},"image":{"@id":"https:\/\/state.softdepothosting.com\/product\/gold-xi-dve\/#primaryimage"},"thumbnailUrl":"https:\/\/i0.wp.com\/state.softdepothosting.com\/wp-content\/uploads\/2026\/01\/sandblaster-csb.png?fit=500%2C500&ssl=1","datePublished":"2026-01-12T14:29:32+00:00","dateModified":"2026-03-03T15:54:14+00:00","breadcrumb":{"@id":"https:\/\/state.softdepothosting.com\/product\/gold-xi-dve\/#breadcrumb"},"inLanguage":"es","potentialAction":[{"@type":"ReadAction","target":["https:\/\/state.softdepothosting.com\/product\/gold-xi-dve\/"]}]},{"@type":"ImageObject","inLanguage":"es","@id":"https:\/\/state.softdepothosting.com\/product\/gold-xi-dve\/#primaryimage","url":"https:\/\/i0.wp.com\/state.softdepothosting.com\/wp-content\/uploads\/2026\/01\/sandblaster-csb.png?fit=500%2C500&ssl=1","contentUrl":"https:\/\/i0.wp.com\/state.softdepothosting.com\/wp-content\/uploads\/2026\/01\/sandblaster-csb.png?fit=500%2C500&ssl=1","width":500,"height":500},{"@type":"BreadcrumbList","@id":"https:\/\/state.softdepothosting.com\/product\/gold-xi-dve\/#breadcrumb","itemListElement":[{"@type":"ListItem","position":1,"name":"Home","item":"https:\/\/state.softdepothosting.com\/"},{"@type":"ListItem","position":2,"name":"Products","item":"https:\/\/state.softdepothosting.com\/shop\/"},{"@type":"ListItem","position":3,"name":"Sandblaster\u00ae CSB Immersion"}]},{"@type":"WebSite","@id":"https:\/\/state.softdepothosting.com\/#website","url":"https:\/\/state.softdepothosting.com\/","name":"AO Smith","description":"","publisher":{"@id":"https:\/\/state.softdepothosting.com\/#organization"},"potentialAction":[{"@type":"SearchAction","target":{"@type":"EntryPoint","urlTemplate":"https:\/\/state.softdepothosting.com\/?s={search_term_string}"},"query-input":{"@type":"PropertyValueSpecification","valueRequired":true,"valueName":"search_term_string"}}],"inLanguage":"es"},{"@type":"Organization","@id":"https:\/\/state.softdepothosting.com\/#organization","name":"AO Smith","url":"https:\/\/state.softdepothosting.com\/","logo":{"@type":"ImageObject","inLanguage":"es","@id":"https:\/\/state.softdepothosting.com\/#\/schema\/logo\/image\/","url":"https:\/\/i0.wp.com\/state.softdepothosting.com\/wp-content\/uploads\/2026\/03\/finalstate.png?fit=250%2C71&ssl=1","contentUrl":"https:\/\/i0.wp.com\/state.softdepothosting.com\/wp-content\/uploads\/2026\/03\/finalstate.png?fit=250%2C71&ssl=1","width":250,"height":71,"caption":"AO Smith"},"image":{"@id":"https:\/\/state.softdepothosting.com\/#\/schema\/logo\/image\/"}}]}},"jetpack_sharing_enabled":true,"_links":{"self":[{"href":"https:\/\/state.softdepothosting.com\/es\/wp-json\/wp\/v2\/product\/1613","targetHints":{"allow":["GET"]}}],"collection":[{"href":"https:\/\/state.softdepothosting.com\/es\/wp-json\/wp\/v2\/product"}],"about":[{"href":"https:\/\/state.softdepothosting.com\/es\/wp-json\/wp\/v2\/types\/product"}],"replies":[{"embeddable":true,"href":"https:\/\/state.softdepothosting.com\/es\/wp-json\/wp\/v2\/comments?post=1613"}],"wp:featuredmedia":[{"embeddable":true,"href":"https:\/\/state.softdepothosting.com\/es\/wp-json\/wp\/v2\/media\/3497"}],"wp:attachment":[{"href":"https:\/\/state.softdepothosting.com\/es\/wp-json\/wp\/v2\/media?parent=1613"}],"wp:term":[{"taxonomy":"product_brand","embeddable":true,"href":"https:\/\/state.softdepothosting.com\/es\/wp-json\/wp\/v2\/product_brand?post=1613"},{"taxonomy":"product_cat","embeddable":true,"href":"https:\/\/state.softdepothosting.com\/es\/wp-json\/wp\/v2\/product_cat?post=1613"},{"taxonomy":"product_tag","embeddable":true,"href":"https:\/\/state.softdepothosting.com\/es\/wp-json\/wp\/v2\/product_tag?post=1613"}],"curies":[{"name":"wp","href":"https:\/\/api.w.org\/{rel}","templated":true}]}}