{"id":1625,"date":"2026-01-12T14:32:52","date_gmt":"2026-01-12T14:32:52","guid":{"rendered":"https:\/\/aosmith.softdepothosting.com\/?post_type=product&#038;p=1625"},"modified":"2026-03-03T16:07:48","modified_gmt":"2026-03-03T16:07:48","slug":"large-volume","status":"publish","type":"product","link":"https:\/\/state.softdepothosting.com\/es\/producto\/large-volume\/","title":{"rendered":"Large volume"},"content":{"rendered":"<div class=\"caracteristicas\">\n<div class=\"caracteristicas\">\n<div class=\"caracteristicas\">\n<p><span style=\"color: #005cc8;\"><strong>Caracter\u00edsticas<\/strong><\/span><\/p>\n<\/div>\n<ul>\n<li class=\"p1\">Dise\u00f1ado para almacenar agua potable.<\/li>\n<li class=\"p1\">Disponible en capacidades de 140 a 2500 galones.<\/li>\n<li class=\"p1\">Opciones verticales y horizontales para una f\u00e1cil instalaci\u00f3n.<\/li>\n<li class=\"p1\">Aislamiento de espuma de poliuretano de alta densidad.<\/li>\n<li class=\"p1\">Ideal para almacenar agua caliente hasta 180 \u00b0F<\/li>\n<\/ul>\n<p>&nbsp;<\/p>\n<p><span style=\"color: #005cc8;\"><strong>Ventajas<\/strong><\/span><\/p>\n<ul>\n<li class=\"p1\">Dep\u00f3sito revestido de vidrio para una alta resistencia a la corrosi\u00f3n.<\/li>\n<li class=\"p1\">Revestimiento de acero de gran espesor con acabado de esmalte horneado.<\/li>\n<li class=\"p1\">Orificios roscados para term\u00f3metro, v\u00e1lvula de alivio, drenaje y l\u00ednea de recirculaci\u00f3n.<\/li>\n<li class=\"p1\">Aberturas para facilitar la limpieza.<\/li>\n<li class=\"p1\">\u00c1nodos de magnesio para una mayor vida \u00fatil del tanque.<\/li>\n<li class=\"p1\">Fabricaci\u00f3n seg\u00fan la norma ASME<\/li>\n<\/ul>\n<p><a href=\"https:\/\/state.softdepothosting.com\/wp-content\/uploads\/2026\/03\/ST-Tanques-Large-Volume-1.pdf\"><img data-recalc-dims=\"1\" loading=\"lazy\" decoding=\"async\" class=\"alignnone wp-image-3527 size-full\" src=\"https:\/\/state.softdepothosting.com\/wp-content\/uploads\/2026\/01\/fichatecnica.webp\" alt=\"\" width=\"309\" height=\"124\" srcset=\"https:\/\/i0.wp.com\/state.softdepothosting.com\/wp-content\/uploads\/2026\/01\/fichatecnica.webp?w=317&ssl=1 317w, https:\/\/i0.wp.com\/state.softdepothosting.com\/wp-content\/uploads\/2026\/01\/fichatecnica.webp?resize=300%2C142&ssl=1 300w\" sizes=\"auto, (max-width: 309px) 100vw, 309px\" \/><\/a><\/p>\n<\/div>\n<\/div>","protected":false},"excerpt":{"rendered":"<p>Features Designed for storing potable water. Available from 140 to 2500 Gallons. Vertical and Horizontal options for easy installation. High density polyurethane foam insulation. Ideal for storing hot water up to 180\u00b0 F &nbsp; Advantages Glass lined tank for high resistance to corrosion. Heaby gauge steel jacket with baked enamel finish. Threaded openings for thermometer, [&hellip;]<\/p>\n","protected":false},"featured_media":3513,"comment_status":"open","ping_status":"closed","template":"","meta":{"nf_dc_page":"","om_disable_all_campaigns":false,"_monsterinsights_skip_tracking":false,"_monsterinsights_sitenote_active":false,"_monsterinsights_sitenote_note":"","_monsterinsights_sitenote_category":0},"product_brand":[],"product_cat":[35,38],"product_tag":[],"class_list":{"0":"post-1625","1":"product","2":"type-product","3":"status-publish","4":"has-post-thumbnail","6":"product_cat-commercial","7":"product_cat-storage-tank","9":"first","10":"instock","11":"shipping-taxable","12":"product-type-simple"},"yoast_head":"<!-- This site is optimized with the Yoast SEO plugin v27.5 - https:\/\/yoast.com\/product\/yoast-seo-wordpress\/ -->\n<title>Large volume - AO Smith<\/title>\n<meta name=\"robots\" content=\"index, follow, max-snippet:-1, max-image-preview:large, max-video-preview:-1\" \/>\n<link rel=\"canonical\" href=\"https:\/\/state.softdepothosting.com\/es\/producto\/large-volume\/\" \/>\n<meta property=\"og:locale\" content=\"es_MX\" \/>\n<meta property=\"og:type\" content=\"article\" \/>\n<meta property=\"og:title\" content=\"Large volume - AO Smith\" \/>\n<meta property=\"og:description\" content=\"Features Designed for storing potable water. Available from 140 to 2500 Gallons. Vertical and Horizontal options for easy installation. High density polyurethane foam insulation. Ideal for storing hot water up to 180\u00b0 F &nbsp; Advantages Glass lined tank for high resistance to corrosion. Heaby gauge steel jacket with baked enamel finish. Threaded openings for thermometer, [&hellip;]\" \/>\n<meta property=\"og:url\" content=\"https:\/\/state.softdepothosting.com\/es\/producto\/large-volume\/\" \/>\n<meta property=\"og:site_name\" content=\"AO Smith\" \/>\n<meta property=\"article:modified_time\" content=\"2026-03-03T16:07:48+00:00\" \/>\n<meta property=\"og:image\" content=\"https:\/\/state.softdepothosting.com\/wp-content\/uploads\/2026\/01\/large-storage-tanks.png\" \/>\n\t<meta property=\"og:image:width\" content=\"500\" \/>\n\t<meta property=\"og:image:height\" content=\"500\" \/>\n\t<meta property=\"og:image:type\" content=\"image\/png\" \/>\n<meta name=\"twitter:card\" content=\"summary_large_image\" \/>\n<meta name=\"twitter:label1\" content=\"Tiempo de lectura\" \/>\n\t<meta name=\"twitter:data1\" content=\"1 minuto\" \/>\n<script type=\"application\/ld+json\" class=\"yoast-schema-graph\">{\"@context\":\"https:\\\/\\\/schema.org\",\"@graph\":[{\"@type\":\"WebPage\",\"@id\":\"https:\\\/\\\/state.softdepothosting.com\\\/product\\\/large-volume\\\/\",\"url\":\"https:\\\/\\\/state.softdepothosting.com\\\/product\\\/large-volume\\\/\",\"name\":\"Large volume - AO Smith\",\"isPartOf\":{\"@id\":\"https:\\\/\\\/state.softdepothosting.com\\\/#website\"},\"primaryImageOfPage\":{\"@id\":\"https:\\\/\\\/state.softdepothosting.com\\\/product\\\/large-volume\\\/#primaryimage\"},\"image\":{\"@id\":\"https:\\\/\\\/state.softdepothosting.com\\\/product\\\/large-volume\\\/#primaryimage\"},\"thumbnailUrl\":\"https:\\\/\\\/i0.wp.com\\\/state.softdepothosting.com\\\/wp-content\\\/uploads\\\/2026\\\/01\\\/large-storage-tanks.png?fit=500%2C500&ssl=1\",\"datePublished\":\"2026-01-12T14:32:52+00:00\",\"dateModified\":\"2026-03-03T16:07:48+00:00\",\"breadcrumb\":{\"@id\":\"https:\\\/\\\/state.softdepothosting.com\\\/product\\\/large-volume\\\/#breadcrumb\"},\"inLanguage\":\"es\",\"potentialAction\":[{\"@type\":\"ReadAction\",\"target\":[\"https:\\\/\\\/state.softdepothosting.com\\\/product\\\/large-volume\\\/\"]}]},{\"@type\":\"ImageObject\",\"inLanguage\":\"es\",\"@id\":\"https:\\\/\\\/state.softdepothosting.com\\\/product\\\/large-volume\\\/#primaryimage\",\"url\":\"https:\\\/\\\/i0.wp.com\\\/state.softdepothosting.com\\\/wp-content\\\/uploads\\\/2026\\\/01\\\/large-storage-tanks.png?fit=500%2C500&ssl=1\",\"contentUrl\":\"https:\\\/\\\/i0.wp.com\\\/state.softdepothosting.com\\\/wp-content\\\/uploads\\\/2026\\\/01\\\/large-storage-tanks.png?fit=500%2C500&ssl=1\",\"width\":500,\"height\":500},{\"@type\":\"BreadcrumbList\",\"@id\":\"https:\\\/\\\/state.softdepothosting.com\\\/product\\\/large-volume\\\/#breadcrumb\",\"itemListElement\":[{\"@type\":\"ListItem\",\"position\":1,\"name\":\"Home\",\"item\":\"https:\\\/\\\/state.softdepothosting.com\\\/\"},{\"@type\":\"ListItem\",\"position\":2,\"name\":\"Products\",\"item\":\"https:\\\/\\\/state.softdepothosting.com\\\/shop\\\/\"},{\"@type\":\"ListItem\",\"position\":3,\"name\":\"Large volume\"}]},{\"@type\":\"WebSite\",\"@id\":\"https:\\\/\\\/state.softdepothosting.com\\\/#website\",\"url\":\"https:\\\/\\\/state.softdepothosting.com\\\/\",\"name\":\"AO Smith\",\"description\":\"\",\"publisher\":{\"@id\":\"https:\\\/\\\/state.softdepothosting.com\\\/#organization\"},\"potentialAction\":[{\"@type\":\"SearchAction\",\"target\":{\"@type\":\"EntryPoint\",\"urlTemplate\":\"https:\\\/\\\/state.softdepothosting.com\\\/?s={search_term_string}\"},\"query-input\":{\"@type\":\"PropertyValueSpecification\",\"valueRequired\":true,\"valueName\":\"search_term_string\"}}],\"inLanguage\":\"es\"},{\"@type\":\"Organization\",\"@id\":\"https:\\\/\\\/state.softdepothosting.com\\\/#organization\",\"name\":\"AO Smith\",\"url\":\"https:\\\/\\\/state.softdepothosting.com\\\/\",\"logo\":{\"@type\":\"ImageObject\",\"inLanguage\":\"es\",\"@id\":\"https:\\\/\\\/state.softdepothosting.com\\\/#\\\/schema\\\/logo\\\/image\\\/\",\"url\":\"https:\\\/\\\/i0.wp.com\\\/state.softdepothosting.com\\\/wp-content\\\/uploads\\\/2026\\\/03\\\/finalstate.png?fit=250%2C71&ssl=1\",\"contentUrl\":\"https:\\\/\\\/i0.wp.com\\\/state.softdepothosting.com\\\/wp-content\\\/uploads\\\/2026\\\/03\\\/finalstate.png?fit=250%2C71&ssl=1\",\"width\":250,\"height\":71,\"caption\":\"AO Smith\"},\"image\":{\"@id\":\"https:\\\/\\\/state.softdepothosting.com\\\/#\\\/schema\\\/logo\\\/image\\\/\"}}]}<\/script>\n<!-- \/ Yoast SEO plugin. -->","yoast_head_json":{"title":"Large volume - AO Smith","robots":{"index":"index","follow":"follow","max-snippet":"max-snippet:-1","max-image-preview":"max-image-preview:large","max-video-preview":"max-video-preview:-1"},"canonical":"https:\/\/state.softdepothosting.com\/es\/producto\/large-volume\/","og_locale":"es_MX","og_type":"article","og_title":"Large volume - AO Smith","og_description":"Features Designed for storing potable water. Available from 140 to 2500 Gallons. Vertical and Horizontal options for easy installation. High density polyurethane foam insulation. Ideal for storing hot water up to 180\u00b0 F &nbsp; Advantages Glass lined tank for high resistance to corrosion. Heaby gauge steel jacket with baked enamel finish. Threaded openings for thermometer, [&hellip;]","og_url":"https:\/\/state.softdepothosting.com\/es\/producto\/large-volume\/","og_site_name":"AO Smith","article_modified_time":"2026-03-03T16:07:48+00:00","og_image":[{"width":500,"height":500,"url":"https:\/\/state.softdepothosting.com\/wp-content\/uploads\/2026\/01\/large-storage-tanks.png","type":"image\/png"}],"twitter_card":"summary_large_image","twitter_misc":{"Tiempo de lectura":"1 minuto"},"schema":{"@context":"https:\/\/schema.org","@graph":[{"@type":"WebPage","@id":"https:\/\/state.softdepothosting.com\/product\/large-volume\/","url":"https:\/\/state.softdepothosting.com\/product\/large-volume\/","name":"Large volume - AO Smith","isPartOf":{"@id":"https:\/\/state.softdepothosting.com\/#website"},"primaryImageOfPage":{"@id":"https:\/\/state.softdepothosting.com\/product\/large-volume\/#primaryimage"},"image":{"@id":"https:\/\/state.softdepothosting.com\/product\/large-volume\/#primaryimage"},"thumbnailUrl":"https:\/\/i0.wp.com\/state.softdepothosting.com\/wp-content\/uploads\/2026\/01\/large-storage-tanks.png?fit=500%2C500&ssl=1","datePublished":"2026-01-12T14:32:52+00:00","dateModified":"2026-03-03T16:07:48+00:00","breadcrumb":{"@id":"https:\/\/state.softdepothosting.com\/product\/large-volume\/#breadcrumb"},"inLanguage":"es","potentialAction":[{"@type":"ReadAction","target":["https:\/\/state.softdepothosting.com\/product\/large-volume\/"]}]},{"@type":"ImageObject","inLanguage":"es","@id":"https:\/\/state.softdepothosting.com\/product\/large-volume\/#primaryimage","url":"https:\/\/i0.wp.com\/state.softdepothosting.com\/wp-content\/uploads\/2026\/01\/large-storage-tanks.png?fit=500%2C500&ssl=1","contentUrl":"https:\/\/i0.wp.com\/state.softdepothosting.com\/wp-content\/uploads\/2026\/01\/large-storage-tanks.png?fit=500%2C500&ssl=1","width":500,"height":500},{"@type":"BreadcrumbList","@id":"https:\/\/state.softdepothosting.com\/product\/large-volume\/#breadcrumb","itemListElement":[{"@type":"ListItem","position":1,"name":"Home","item":"https:\/\/state.softdepothosting.com\/"},{"@type":"ListItem","position":2,"name":"Products","item":"https:\/\/state.softdepothosting.com\/shop\/"},{"@type":"ListItem","position":3,"name":"Large volume"}]},{"@type":"WebSite","@id":"https:\/\/state.softdepothosting.com\/#website","url":"https:\/\/state.softdepothosting.com\/","name":"AO Smith","description":"","publisher":{"@id":"https:\/\/state.softdepothosting.com\/#organization"},"potentialAction":[{"@type":"SearchAction","target":{"@type":"EntryPoint","urlTemplate":"https:\/\/state.softdepothosting.com\/?s={search_term_string}"},"query-input":{"@type":"PropertyValueSpecification","valueRequired":true,"valueName":"search_term_string"}}],"inLanguage":"es"},{"@type":"Organization","@id":"https:\/\/state.softdepothosting.com\/#organization","name":"AO Smith","url":"https:\/\/state.softdepothosting.com\/","logo":{"@type":"ImageObject","inLanguage":"es","@id":"https:\/\/state.softdepothosting.com\/#\/schema\/logo\/image\/","url":"https:\/\/i0.wp.com\/state.softdepothosting.com\/wp-content\/uploads\/2026\/03\/finalstate.png?fit=250%2C71&ssl=1","contentUrl":"https:\/\/i0.wp.com\/state.softdepothosting.com\/wp-content\/uploads\/2026\/03\/finalstate.png?fit=250%2C71&ssl=1","width":250,"height":71,"caption":"AO Smith"},"image":{"@id":"https:\/\/state.softdepothosting.com\/#\/schema\/logo\/image\/"}}]}},"jetpack_sharing_enabled":true,"_links":{"self":[{"href":"https:\/\/state.softdepothosting.com\/es\/wp-json\/wp\/v2\/product\/1625","targetHints":{"allow":["GET"]}}],"collection":[{"href":"https:\/\/state.softdepothosting.com\/es\/wp-json\/wp\/v2\/product"}],"about":[{"href":"https:\/\/state.softdepothosting.com\/es\/wp-json\/wp\/v2\/types\/product"}],"replies":[{"embeddable":true,"href":"https:\/\/state.softdepothosting.com\/es\/wp-json\/wp\/v2\/comments?post=1625"}],"wp:featuredmedia":[{"embeddable":true,"href":"https:\/\/state.softdepothosting.com\/es\/wp-json\/wp\/v2\/media\/3513"}],"wp:attachment":[{"href":"https:\/\/state.softdepothosting.com\/es\/wp-json\/wp\/v2\/media?parent=1625"}],"wp:term":[{"taxonomy":"product_brand","embeddable":true,"href":"https:\/\/state.softdepothosting.com\/es\/wp-json\/wp\/v2\/product_brand?post=1625"},{"taxonomy":"product_cat","embeddable":true,"href":"https:\/\/state.softdepothosting.com\/es\/wp-json\/wp\/v2\/product_cat?post=1625"},{"taxonomy":"product_tag","embeddable":true,"href":"https:\/\/state.softdepothosting.com\/es\/wp-json\/wp\/v2\/product_tag?post=1625"}],"curies":[{"name":"wp","href":"https:\/\/api.w.org\/{rel}","templated":true}]}}