{"id":1643,"date":"2026-01-12T14:42:31","date_gmt":"2026-01-12T14:42:31","guid":{"rendered":"https:\/\/aosmith.softdepothosting.com\/?post_type=product&#038;p=1643"},"modified":"2026-04-06T19:28:23","modified_gmt":"2026-04-06T19:28:23","slug":"pump-tanks","status":"publish","type":"product","link":"https:\/\/state.softdepothosting.com\/es\/producto\/pump-tanks\/","title":{"rendered":"Pump Tanks"},"content":{"rendered":"<div class=\"caracteristicas\">\n<p><span style=\"color: #005cc8;\"><strong>Caracter\u00edsticas<\/strong><\/span><\/p>\n<ul>\n<li class=\"p1\">Ideal para viviendas, comercios, aplicaciones agr\u00edcolas e industriales.<\/li>\n<li class=\"p1\">Tanques precargados verticales y horizontales.<\/li>\n<li class=\"p1\">Dise\u00f1o de diafragmas para sistemas hidroneum\u00e1ticos.<\/li>\n<li class=\"p1\">Variedad de capacidades, desde 0,7 hasta 119 galones.<\/li>\n<li class=\"p1\">Presi\u00f3n m\u00e1xima de trabajo: 150 psi.<\/li>\n<\/ul>\n<p>&nbsp;<\/p>\n<p><span style=\"color: #005cc8;\"><strong>Ventajas<\/strong><\/span><\/p>\n<ul>\n<li class=\"p1\">Mayor durabilidad gracias a su diafragma parab\u00f3lico de caucho but\u00edlico.<\/li>\n<li class=\"p1\">Larga vida \u00fatil y evita que se roce con la pared del tanque o que se vuelque sobre s\u00ed mismo.<\/li>\n<li class=\"p1\">Carcasa exterior de acero al carbono y proceso de soldadura de alta calidad.<\/li>\n<li class=\"p1\">Exterior con recubrimiento en polvo aplicado electrost\u00e1ticamente para una m\u00e1xima resistencia a la luz solar (UV).<\/li>\n<li class=\"p1\">Base de pl\u00e1stico de alta resistencia al impacto, seg\u00fan la norma ASTM D2794.<\/li>\n<li class=\"p1\">Codo de acero inoxidable 304.<\/li>\n<li class=\"p1\">V\u00e1lvula de aire met\u00e1lica resistente a la corrosi\u00f3n.<\/li>\n<li class=\"p1\">Tanques certificados seg\u00fan las normas NSF y ANSI.<\/li>\n<\/ul>\n<p>&nbsp;<\/p>\n<p><img data-recalc-dims=\"1\" loading=\"lazy\" decoding=\"async\" class=\"alignnone size-medium wp-image-3527\" src=\"https:\/\/state.softdepothosting.com\/wp-content\/uploads\/2026\/01\/fichatecnica.webp\" alt=\"\" width=\"300\" height=\"120\" srcset=\"https:\/\/i0.wp.com\/state.softdepothosting.com\/wp-content\/uploads\/2026\/01\/fichatecnica.webp?w=317&ssl=1 317w, https:\/\/i0.wp.com\/state.softdepothosting.com\/wp-content\/uploads\/2026\/01\/fichatecnica.webp?resize=300%2C142&ssl=1 300w\" sizes=\"auto, (max-width: 300px) 100vw, 300px\" \/><\/p>\n<\/div>","protected":false},"excerpt":{"rendered":"<p>Features Ideal for houses, commercial, agricultural and industrial applications. Vertical and horizontal pre-charged tanks. Diaphragm design for hydropneumatic systems. Variety of capacities, from 0.7 to 119 gallons. 150 psi maximum working pressure. &nbsp; Advantages More durability with its butyl rubber parabolic diaphragm. Long life and prevents rubbing on tank wall or rolling over on itself. [&hellip;]<\/p>\n","protected":false},"featured_media":3523,"comment_status":"open","ping_status":"closed","template":"","meta":{"nf_dc_page":"","om_disable_all_campaigns":false,"_monsterinsights_skip_tracking":false,"_monsterinsights_sitenote_active":false,"_monsterinsights_sitenote_note":"","_monsterinsights_sitenote_category":0},"product_brand":[],"product_cat":[47,32],"product_tag":[],"class_list":{"0":"post-1643","1":"product","2":"type-product","3":"status-publish","4":"has-post-thumbnail","6":"product_cat-pressure-tanks","7":"product_cat-residential","9":"first","10":"instock","11":"shipping-taxable","12":"product-type-simple"},"yoast_head":"<!-- This site is optimized with the Yoast SEO plugin v27.5 - https:\/\/yoast.com\/product\/yoast-seo-wordpress\/ -->\n<title>Pump Tanks - AO Smith<\/title>\n<meta name=\"robots\" content=\"index, follow, max-snippet:-1, max-image-preview:large, max-video-preview:-1\" \/>\n<link rel=\"canonical\" href=\"https:\/\/state.softdepothosting.com\/es\/producto\/pump-tanks\/\" \/>\n<meta property=\"og:locale\" content=\"es_MX\" \/>\n<meta property=\"og:type\" content=\"article\" \/>\n<meta property=\"og:title\" content=\"Pump Tanks - AO Smith\" \/>\n<meta property=\"og:description\" content=\"Features Ideal for houses, commercial, agricultural and industrial applications. Vertical and horizontal pre-charged tanks. Diaphragm design for hydropneumatic systems. Variety of capacities, from 0.7 to 119 gallons. 150 psi maximum working pressure. &nbsp; Advantages More durability with its butyl rubber parabolic diaphragm. Long life and prevents rubbing on tank wall or rolling over on itself. [&hellip;]\" \/>\n<meta property=\"og:url\" content=\"https:\/\/state.softdepothosting.com\/es\/producto\/pump-tanks\/\" \/>\n<meta property=\"og:site_name\" content=\"AO Smith\" \/>\n<meta property=\"article:modified_time\" content=\"2026-04-06T19:28:23+00:00\" \/>\n<meta property=\"og:image\" content=\"https:\/\/state.softdepothosting.com\/wp-content\/uploads\/2026\/01\/state-SP@2x.png\" \/>\n\t<meta property=\"og:image:width\" content=\"1000\" \/>\n\t<meta property=\"og:image:height\" content=\"1000\" \/>\n\t<meta property=\"og:image:type\" content=\"image\/png\" \/>\n<meta name=\"twitter:card\" content=\"summary_large_image\" \/>\n<meta name=\"twitter:label1\" content=\"Tiempo de lectura\" \/>\n\t<meta name=\"twitter:data1\" content=\"1 minuto\" \/>\n<script type=\"application\/ld+json\" class=\"yoast-schema-graph\">{\"@context\":\"https:\\\/\\\/schema.org\",\"@graph\":[{\"@type\":\"WebPage\",\"@id\":\"https:\\\/\\\/state.softdepothosting.com\\\/product\\\/pump-tanks\\\/\",\"url\":\"https:\\\/\\\/state.softdepothosting.com\\\/product\\\/pump-tanks\\\/\",\"name\":\"Pump Tanks - AO Smith\",\"isPartOf\":{\"@id\":\"https:\\\/\\\/state.softdepothosting.com\\\/#website\"},\"primaryImageOfPage\":{\"@id\":\"https:\\\/\\\/state.softdepothosting.com\\\/product\\\/pump-tanks\\\/#primaryimage\"},\"image\":{\"@id\":\"https:\\\/\\\/state.softdepothosting.com\\\/product\\\/pump-tanks\\\/#primaryimage\"},\"thumbnailUrl\":\"https:\\\/\\\/i0.wp.com\\\/state.softdepothosting.com\\\/wp-content\\\/uploads\\\/2026\\\/01\\\/state-SP%402x.png?fit=1000%2C1000&ssl=1\",\"datePublished\":\"2026-01-12T14:42:31+00:00\",\"dateModified\":\"2026-04-06T19:28:23+00:00\",\"breadcrumb\":{\"@id\":\"https:\\\/\\\/state.softdepothosting.com\\\/product\\\/pump-tanks\\\/#breadcrumb\"},\"inLanguage\":\"es\",\"potentialAction\":[{\"@type\":\"ReadAction\",\"target\":[\"https:\\\/\\\/state.softdepothosting.com\\\/product\\\/pump-tanks\\\/\"]}]},{\"@type\":\"ImageObject\",\"inLanguage\":\"es\",\"@id\":\"https:\\\/\\\/state.softdepothosting.com\\\/product\\\/pump-tanks\\\/#primaryimage\",\"url\":\"https:\\\/\\\/i0.wp.com\\\/state.softdepothosting.com\\\/wp-content\\\/uploads\\\/2026\\\/01\\\/state-SP%402x.png?fit=1000%2C1000&ssl=1\",\"contentUrl\":\"https:\\\/\\\/i0.wp.com\\\/state.softdepothosting.com\\\/wp-content\\\/uploads\\\/2026\\\/01\\\/state-SP%402x.png?fit=1000%2C1000&ssl=1\",\"width\":1000,\"height\":1000},{\"@type\":\"BreadcrumbList\",\"@id\":\"https:\\\/\\\/state.softdepothosting.com\\\/product\\\/pump-tanks\\\/#breadcrumb\",\"itemListElement\":[{\"@type\":\"ListItem\",\"position\":1,\"name\":\"Home\",\"item\":\"https:\\\/\\\/state.softdepothosting.com\\\/\"},{\"@type\":\"ListItem\",\"position\":2,\"name\":\"Products\",\"item\":\"https:\\\/\\\/state.softdepothosting.com\\\/shop\\\/\"},{\"@type\":\"ListItem\",\"position\":3,\"name\":\"Pump Tanks\"}]},{\"@type\":\"WebSite\",\"@id\":\"https:\\\/\\\/state.softdepothosting.com\\\/#website\",\"url\":\"https:\\\/\\\/state.softdepothosting.com\\\/\",\"name\":\"AO Smith\",\"description\":\"\",\"publisher\":{\"@id\":\"https:\\\/\\\/state.softdepothosting.com\\\/#organization\"},\"potentialAction\":[{\"@type\":\"SearchAction\",\"target\":{\"@type\":\"EntryPoint\",\"urlTemplate\":\"https:\\\/\\\/state.softdepothosting.com\\\/?s={search_term_string}\"},\"query-input\":{\"@type\":\"PropertyValueSpecification\",\"valueRequired\":true,\"valueName\":\"search_term_string\"}}],\"inLanguage\":\"es\"},{\"@type\":\"Organization\",\"@id\":\"https:\\\/\\\/state.softdepothosting.com\\\/#organization\",\"name\":\"AO Smith\",\"url\":\"https:\\\/\\\/state.softdepothosting.com\\\/\",\"logo\":{\"@type\":\"ImageObject\",\"inLanguage\":\"es\",\"@id\":\"https:\\\/\\\/state.softdepothosting.com\\\/#\\\/schema\\\/logo\\\/image\\\/\",\"url\":\"https:\\\/\\\/i0.wp.com\\\/state.softdepothosting.com\\\/wp-content\\\/uploads\\\/2026\\\/03\\\/finalstate.png?fit=250%2C71&ssl=1\",\"contentUrl\":\"https:\\\/\\\/i0.wp.com\\\/state.softdepothosting.com\\\/wp-content\\\/uploads\\\/2026\\\/03\\\/finalstate.png?fit=250%2C71&ssl=1\",\"width\":250,\"height\":71,\"caption\":\"AO Smith\"},\"image\":{\"@id\":\"https:\\\/\\\/state.softdepothosting.com\\\/#\\\/schema\\\/logo\\\/image\\\/\"}}]}<\/script>\n<!-- \/ Yoast SEO plugin. -->","yoast_head_json":{"title":"Pump Tanks - AO Smith","robots":{"index":"index","follow":"follow","max-snippet":"max-snippet:-1","max-image-preview":"max-image-preview:large","max-video-preview":"max-video-preview:-1"},"canonical":"https:\/\/state.softdepothosting.com\/es\/producto\/pump-tanks\/","og_locale":"es_MX","og_type":"article","og_title":"Pump Tanks - AO Smith","og_description":"Features Ideal for houses, commercial, agricultural and industrial applications. Vertical and horizontal pre-charged tanks. Diaphragm design for hydropneumatic systems. Variety of capacities, from 0.7 to 119 gallons. 150 psi maximum working pressure. &nbsp; Advantages More durability with its butyl rubber parabolic diaphragm. Long life and prevents rubbing on tank wall or rolling over on itself. [&hellip;]","og_url":"https:\/\/state.softdepothosting.com\/es\/producto\/pump-tanks\/","og_site_name":"AO Smith","article_modified_time":"2026-04-06T19:28:23+00:00","og_image":[{"width":1000,"height":1000,"url":"https:\/\/state.softdepothosting.com\/wp-content\/uploads\/2026\/01\/state-SP@2x.png","type":"image\/png"}],"twitter_card":"summary_large_image","twitter_misc":{"Tiempo de lectura":"1 minuto"},"schema":{"@context":"https:\/\/schema.org","@graph":[{"@type":"WebPage","@id":"https:\/\/state.softdepothosting.com\/product\/pump-tanks\/","url":"https:\/\/state.softdepothosting.com\/product\/pump-tanks\/","name":"Pump Tanks - AO Smith","isPartOf":{"@id":"https:\/\/state.softdepothosting.com\/#website"},"primaryImageOfPage":{"@id":"https:\/\/state.softdepothosting.com\/product\/pump-tanks\/#primaryimage"},"image":{"@id":"https:\/\/state.softdepothosting.com\/product\/pump-tanks\/#primaryimage"},"thumbnailUrl":"https:\/\/i0.wp.com\/state.softdepothosting.com\/wp-content\/uploads\/2026\/01\/state-SP%402x.png?fit=1000%2C1000&ssl=1","datePublished":"2026-01-12T14:42:31+00:00","dateModified":"2026-04-06T19:28:23+00:00","breadcrumb":{"@id":"https:\/\/state.softdepothosting.com\/product\/pump-tanks\/#breadcrumb"},"inLanguage":"es","potentialAction":[{"@type":"ReadAction","target":["https:\/\/state.softdepothosting.com\/product\/pump-tanks\/"]}]},{"@type":"ImageObject","inLanguage":"es","@id":"https:\/\/state.softdepothosting.com\/product\/pump-tanks\/#primaryimage","url":"https:\/\/i0.wp.com\/state.softdepothosting.com\/wp-content\/uploads\/2026\/01\/state-SP%402x.png?fit=1000%2C1000&ssl=1","contentUrl":"https:\/\/i0.wp.com\/state.softdepothosting.com\/wp-content\/uploads\/2026\/01\/state-SP%402x.png?fit=1000%2C1000&ssl=1","width":1000,"height":1000},{"@type":"BreadcrumbList","@id":"https:\/\/state.softdepothosting.com\/product\/pump-tanks\/#breadcrumb","itemListElement":[{"@type":"ListItem","position":1,"name":"Home","item":"https:\/\/state.softdepothosting.com\/"},{"@type":"ListItem","position":2,"name":"Products","item":"https:\/\/state.softdepothosting.com\/shop\/"},{"@type":"ListItem","position":3,"name":"Pump Tanks"}]},{"@type":"WebSite","@id":"https:\/\/state.softdepothosting.com\/#website","url":"https:\/\/state.softdepothosting.com\/","name":"AO Smith","description":"","publisher":{"@id":"https:\/\/state.softdepothosting.com\/#organization"},"potentialAction":[{"@type":"SearchAction","target":{"@type":"EntryPoint","urlTemplate":"https:\/\/state.softdepothosting.com\/?s={search_term_string}"},"query-input":{"@type":"PropertyValueSpecification","valueRequired":true,"valueName":"search_term_string"}}],"inLanguage":"es"},{"@type":"Organization","@id":"https:\/\/state.softdepothosting.com\/#organization","name":"AO Smith","url":"https:\/\/state.softdepothosting.com\/","logo":{"@type":"ImageObject","inLanguage":"es","@id":"https:\/\/state.softdepothosting.com\/#\/schema\/logo\/image\/","url":"https:\/\/i0.wp.com\/state.softdepothosting.com\/wp-content\/uploads\/2026\/03\/finalstate.png?fit=250%2C71&ssl=1","contentUrl":"https:\/\/i0.wp.com\/state.softdepothosting.com\/wp-content\/uploads\/2026\/03\/finalstate.png?fit=250%2C71&ssl=1","width":250,"height":71,"caption":"AO Smith"},"image":{"@id":"https:\/\/state.softdepothosting.com\/#\/schema\/logo\/image\/"}}]}},"jetpack_sharing_enabled":true,"_links":{"self":[{"href":"https:\/\/state.softdepothosting.com\/es\/wp-json\/wp\/v2\/product\/1643","targetHints":{"allow":["GET"]}}],"collection":[{"href":"https:\/\/state.softdepothosting.com\/es\/wp-json\/wp\/v2\/product"}],"about":[{"href":"https:\/\/state.softdepothosting.com\/es\/wp-json\/wp\/v2\/types\/product"}],"replies":[{"embeddable":true,"href":"https:\/\/state.softdepothosting.com\/es\/wp-json\/wp\/v2\/comments?post=1643"}],"wp:featuredmedia":[{"embeddable":true,"href":"https:\/\/state.softdepothosting.com\/es\/wp-json\/wp\/v2\/media\/3523"}],"wp:attachment":[{"href":"https:\/\/state.softdepothosting.com\/es\/wp-json\/wp\/v2\/media?parent=1643"}],"wp:term":[{"taxonomy":"product_brand","embeddable":true,"href":"https:\/\/state.softdepothosting.com\/es\/wp-json\/wp\/v2\/product_brand?post=1643"},{"taxonomy":"product_cat","embeddable":true,"href":"https:\/\/state.softdepothosting.com\/es\/wp-json\/wp\/v2\/product_cat?post=1643"},{"taxonomy":"product_tag","embeddable":true,"href":"https:\/\/state.softdepothosting.com\/es\/wp-json\/wp\/v2\/product_tag?post=1643"}],"curies":[{"name":"wp","href":"https:\/\/api.w.org\/{rel}","templated":true}]}}