{"id":3765,"date":"2026-04-06T19:57:16","date_gmt":"2026-04-06T19:57:16","guid":{"rendered":"https:\/\/state.softdepothosting.com\/?post_type=product&#038;p=3765"},"modified":"2026-04-06T19:57:17","modified_gmt":"2026-04-06T19:57:17","slug":"adapt-sc-standard-condensing","status":"publish","type":"product","link":"https:\/\/state.softdepothosting.com\/es\/producto\/adapt-sc-standard-condensing\/","title":{"rendered":"Adapt\u00ae SC Standard Condensing"},"content":{"rendered":"<p><span style=\"color: #005cc8;\"><strong>Caracter\u00edsticas<\/strong><\/span><\/p>\n<ul>\n<li>Certificado ENERGY STAR\u00ae con un UEF de 0,95.<\/li>\n<li>Flexibilidad en la instalaci\u00f3n: flexibilidad en la ventilaci\u00f3n de PVC (2\" hasta 50' y 3\" hasta 150'); instalaci\u00f3n en interiores o exteriores (el kit para exteriores se vende por separado).<\/li>\n<li>Ahorre hasta $116 al a\u00f1o en costos operativos, en comparaci\u00f3n con un calentador de agua est\u00e1ndar de gas natural con tanque de ventilaci\u00f3n atmosf\u00e9rica de 50 galones.<\/li>\n<li>Dura 3 veces m\u00e1s: la tecnolog\u00eda integrada de prevenci\u00f3n de incrustaciones X3\u00ae protege el intercambiador de calor.<\/li>\n<li>Ampliable para aplicaciones de mayor tama\u00f1o: conecte en cascada hasta 12 calentadores similares cuando se requiera que varios calentadores de agua funcionen en conjunto (cable incluido).<\/li>\n<li>Pantalla de control integrada: compruebe el estado, los c\u00f3digos de error y la configuraci\u00f3n.<\/li>\n<\/ul>\n<p><a href=\"https:\/\/state.softdepothosting.com\/wp-content\/uploads\/2026\/04\/SRESS00125.pdf\"><img data-recalc-dims=\"1\" loading=\"lazy\" decoding=\"async\" class=\"alignnone wp-image-3527 size-full\" src=\"https:\/\/state.softdepothosting.com\/wp-content\/uploads\/2026\/01\/fichatecnica.webp\" alt=\"\" width=\"309\" height=\"124\" srcset=\"https:\/\/i0.wp.com\/state.softdepothosting.com\/wp-content\/uploads\/2026\/01\/fichatecnica.webp?w=317&ssl=1 317w, https:\/\/i0.wp.com\/state.softdepothosting.com\/wp-content\/uploads\/2026\/01\/fichatecnica.webp?resize=300%2C142&ssl=1 300w\" sizes=\"auto, (max-width: 309px) 100vw, 309px\" \/><\/a><\/p>","protected":false},"excerpt":{"rendered":"<p>Features ENERGY STAR\u00ae certified with a UEF of 0.95 Flexibility in Installation\u2014PVC venting flexibility (2\u201d up to 50\u2019 &amp; 3&#8243; up to 150\u2019); Install indoor or outdoor (outdoor kit sold separately) Save up to $116\/year on operating costs\u2014Compared to a standard 50-gallon atmospheric vent natural gas tank water heater Lasts 3x Longer\u2014Integrated X3\u00ae Scale Prevention [&hellip;]<\/p>\n","protected":false},"featured_media":3768,"comment_status":"open","ping_status":"closed","template":"","meta":{"nf_dc_page":"","om_disable_all_campaigns":false,"_monsterinsights_skip_tracking":false,"_monsterinsights_sitenote_active":false,"_monsterinsights_sitenote_note":"","_monsterinsights_sitenote_category":0},"product_brand":[],"product_cat":[33,32],"product_tag":[],"class_list":{"0":"post-3765","1":"product","2":"type-product","3":"status-publish","4":"has-post-thumbnail","6":"product_cat-gas","7":"product_cat-residential","9":"first","10":"instock","11":"shipping-taxable","12":"product-type-simple"},"yoast_head":"<!-- This site is optimized with the Yoast SEO plugin v27.6 - https:\/\/yoast.com\/product\/yoast-seo-wordpress\/ -->\n<title>Adapt\u00ae SC Standard Condensing - State<\/title>\n<meta name=\"robots\" content=\"index, follow, max-snippet:-1, max-image-preview:large, max-video-preview:-1\" \/>\n<link rel=\"canonical\" href=\"https:\/\/state.softdepothosting.com\/es\/producto\/adapt-sc-standard-condensing\/\" \/>\n<meta property=\"og:locale\" content=\"es_MX\" \/>\n<meta property=\"og:type\" content=\"article\" \/>\n<meta property=\"og:title\" content=\"Adapt\u00ae SC Standard Condensing - State\" \/>\n<meta property=\"og:description\" content=\"Features ENERGY STAR\u00ae certified with a UEF of 0.95 Flexibility in Installation\u2014PVC venting flexibility (2\u201d up to 50\u2019 &amp; 3&#8243; up to 150\u2019); Install indoor or outdoor (outdoor kit sold separately) Save up to $116\/year on operating costs\u2014Compared to a standard 50-gallon atmospheric vent natural gas tank water heater Lasts 3x Longer\u2014Integrated X3\u00ae Scale Prevention [&hellip;]\" \/>\n<meta property=\"og:url\" content=\"https:\/\/state.softdepothosting.com\/es\/producto\/adapt-sc-standard-condensing\/\" \/>\n<meta property=\"og:site_name\" content=\"State\" \/>\n<meta property=\"article:modified_time\" content=\"2026-04-06T19:57:17+00:00\" \/>\n<meta property=\"og:image\" content=\"https:\/\/state.softdepothosting.com\/wp-content\/uploads\/2026\/04\/State-Adapt-SC-Proline-XE-Standard-Condensing-Tankless-X3-indoor.jpg\" \/>\n\t<meta property=\"og:image:width\" content=\"1000\" \/>\n\t<meta property=\"og:image:height\" content=\"1000\" \/>\n\t<meta property=\"og:image:type\" content=\"image\/jpeg\" \/>\n<meta name=\"twitter:card\" content=\"summary_large_image\" \/>\n<meta name=\"twitter:label1\" content=\"Tiempo de lectura\" \/>\n\t<meta name=\"twitter:data1\" content=\"1 minuto\" \/>\n<script type=\"application\/ld+json\" class=\"yoast-schema-graph\">{\"@context\":\"https:\\\/\\\/schema.org\",\"@graph\":[{\"@type\":\"WebPage\",\"@id\":\"https:\\\/\\\/state.softdepothosting.com\\\/product\\\/adapt-sc-standard-condensing\\\/\",\"url\":\"https:\\\/\\\/state.softdepothosting.com\\\/product\\\/adapt-sc-standard-condensing\\\/\",\"name\":\"Adapt\u00ae SC Standard Condensing - State\",\"isPartOf\":{\"@id\":\"https:\\\/\\\/state.softdepothosting.com\\\/#website\"},\"primaryImageOfPage\":{\"@id\":\"https:\\\/\\\/state.softdepothosting.com\\\/product\\\/adapt-sc-standard-condensing\\\/#primaryimage\"},\"image\":{\"@id\":\"https:\\\/\\\/state.softdepothosting.com\\\/product\\\/adapt-sc-standard-condensing\\\/#primaryimage\"},\"thumbnailUrl\":\"https:\\\/\\\/i0.wp.com\\\/state.softdepothosting.com\\\/wp-content\\\/uploads\\\/2026\\\/04\\\/State-Adapt-SC-Proline-XE-Standard-Condensing-Tankless-X3-indoor.jpg?fit=1000%2C1000&ssl=1\",\"datePublished\":\"2026-04-06T19:57:16+00:00\",\"dateModified\":\"2026-04-06T19:57:17+00:00\",\"breadcrumb\":{\"@id\":\"https:\\\/\\\/state.softdepothosting.com\\\/product\\\/adapt-sc-standard-condensing\\\/#breadcrumb\"},\"inLanguage\":\"es\",\"potentialAction\":[{\"@type\":\"ReadAction\",\"target\":[\"https:\\\/\\\/state.softdepothosting.com\\\/product\\\/adapt-sc-standard-condensing\\\/\"]}]},{\"@type\":\"ImageObject\",\"inLanguage\":\"es\",\"@id\":\"https:\\\/\\\/state.softdepothosting.com\\\/product\\\/adapt-sc-standard-condensing\\\/#primaryimage\",\"url\":\"https:\\\/\\\/i0.wp.com\\\/state.softdepothosting.com\\\/wp-content\\\/uploads\\\/2026\\\/04\\\/State-Adapt-SC-Proline-XE-Standard-Condensing-Tankless-X3-indoor.jpg?fit=1000%2C1000&ssl=1\",\"contentUrl\":\"https:\\\/\\\/i0.wp.com\\\/state.softdepothosting.com\\\/wp-content\\\/uploads\\\/2026\\\/04\\\/State-Adapt-SC-Proline-XE-Standard-Condensing-Tankless-X3-indoor.jpg?fit=1000%2C1000&ssl=1\",\"width\":1000,\"height\":1000},{\"@type\":\"BreadcrumbList\",\"@id\":\"https:\\\/\\\/state.softdepothosting.com\\\/product\\\/adapt-sc-standard-condensing\\\/#breadcrumb\",\"itemListElement\":[{\"@type\":\"ListItem\",\"position\":1,\"name\":\"Home\",\"item\":\"https:\\\/\\\/state.softdepothosting.com\\\/\"},{\"@type\":\"ListItem\",\"position\":2,\"name\":\"Products\",\"item\":\"https:\\\/\\\/state.softdepothosting.com\\\/shop\\\/\"},{\"@type\":\"ListItem\",\"position\":3,\"name\":\"Adapt\u00ae SC Standard Condensing\"}]},{\"@type\":\"WebSite\",\"@id\":\"https:\\\/\\\/state.softdepothosting.com\\\/#website\",\"url\":\"https:\\\/\\\/state.softdepothosting.com\\\/\",\"name\":\"State\",\"description\":\"\",\"publisher\":{\"@id\":\"https:\\\/\\\/state.softdepothosting.com\\\/#organization\"},\"potentialAction\":[{\"@type\":\"SearchAction\",\"target\":{\"@type\":\"EntryPoint\",\"urlTemplate\":\"https:\\\/\\\/state.softdepothosting.com\\\/?s={search_term_string}\"},\"query-input\":{\"@type\":\"PropertyValueSpecification\",\"valueRequired\":true,\"valueName\":\"search_term_string\"}}],\"inLanguage\":\"es\"},{\"@type\":\"Organization\",\"@id\":\"https:\\\/\\\/state.softdepothosting.com\\\/#organization\",\"name\":\"State\",\"url\":\"https:\\\/\\\/state.softdepothosting.com\\\/\",\"logo\":{\"@type\":\"ImageObject\",\"inLanguage\":\"es\",\"@id\":\"https:\\\/\\\/state.softdepothosting.com\\\/#\\\/schema\\\/logo\\\/image\\\/\",\"url\":\"https:\\\/\\\/state.softdepothosting.com\\\/wp-content\\\/uploads\\\/2025\\\/12\\\/state-logo-1.svg\",\"contentUrl\":\"https:\\\/\\\/state.softdepothosting.com\\\/wp-content\\\/uploads\\\/2025\\\/12\\\/state-logo-1.svg\",\"width\":225,\"height\":65,\"caption\":\"State\"},\"image\":{\"@id\":\"https:\\\/\\\/state.softdepothosting.com\\\/#\\\/schema\\\/logo\\\/image\\\/\"}}]}<\/script>\n<!-- \/ Yoast SEO plugin. -->","yoast_head_json":{"title":"Adapt\u00ae SC Standard Condensing - State","robots":{"index":"index","follow":"follow","max-snippet":"max-snippet:-1","max-image-preview":"max-image-preview:large","max-video-preview":"max-video-preview:-1"},"canonical":"https:\/\/state.softdepothosting.com\/es\/producto\/adapt-sc-standard-condensing\/","og_locale":"es_MX","og_type":"article","og_title":"Adapt\u00ae SC Standard Condensing - State","og_description":"Features ENERGY STAR\u00ae certified with a UEF of 0.95 Flexibility in Installation\u2014PVC venting flexibility (2\u201d up to 50\u2019 &amp; 3&#8243; up to 150\u2019); Install indoor or outdoor (outdoor kit sold separately) Save up to $116\/year on operating costs\u2014Compared to a standard 50-gallon atmospheric vent natural gas tank water heater Lasts 3x Longer\u2014Integrated X3\u00ae Scale Prevention [&hellip;]","og_url":"https:\/\/state.softdepothosting.com\/es\/producto\/adapt-sc-standard-condensing\/","og_site_name":"State","article_modified_time":"2026-04-06T19:57:17+00:00","og_image":[{"width":1000,"height":1000,"url":"https:\/\/state.softdepothosting.com\/wp-content\/uploads\/2026\/04\/State-Adapt-SC-Proline-XE-Standard-Condensing-Tankless-X3-indoor.jpg","type":"image\/jpeg"}],"twitter_card":"summary_large_image","twitter_misc":{"Tiempo de lectura":"1 minuto"},"schema":{"@context":"https:\/\/schema.org","@graph":[{"@type":"WebPage","@id":"https:\/\/state.softdepothosting.com\/product\/adapt-sc-standard-condensing\/","url":"https:\/\/state.softdepothosting.com\/product\/adapt-sc-standard-condensing\/","name":"Adapt\u00ae SC Standard Condensing - State","isPartOf":{"@id":"https:\/\/state.softdepothosting.com\/#website"},"primaryImageOfPage":{"@id":"https:\/\/state.softdepothosting.com\/product\/adapt-sc-standard-condensing\/#primaryimage"},"image":{"@id":"https:\/\/state.softdepothosting.com\/product\/adapt-sc-standard-condensing\/#primaryimage"},"thumbnailUrl":"https:\/\/i0.wp.com\/state.softdepothosting.com\/wp-content\/uploads\/2026\/04\/State-Adapt-SC-Proline-XE-Standard-Condensing-Tankless-X3-indoor.jpg?fit=1000%2C1000&ssl=1","datePublished":"2026-04-06T19:57:16+00:00","dateModified":"2026-04-06T19:57:17+00:00","breadcrumb":{"@id":"https:\/\/state.softdepothosting.com\/product\/adapt-sc-standard-condensing\/#breadcrumb"},"inLanguage":"es","potentialAction":[{"@type":"ReadAction","target":["https:\/\/state.softdepothosting.com\/product\/adapt-sc-standard-condensing\/"]}]},{"@type":"ImageObject","inLanguage":"es","@id":"https:\/\/state.softdepothosting.com\/product\/adapt-sc-standard-condensing\/#primaryimage","url":"https:\/\/i0.wp.com\/state.softdepothosting.com\/wp-content\/uploads\/2026\/04\/State-Adapt-SC-Proline-XE-Standard-Condensing-Tankless-X3-indoor.jpg?fit=1000%2C1000&ssl=1","contentUrl":"https:\/\/i0.wp.com\/state.softdepothosting.com\/wp-content\/uploads\/2026\/04\/State-Adapt-SC-Proline-XE-Standard-Condensing-Tankless-X3-indoor.jpg?fit=1000%2C1000&ssl=1","width":1000,"height":1000},{"@type":"BreadcrumbList","@id":"https:\/\/state.softdepothosting.com\/product\/adapt-sc-standard-condensing\/#breadcrumb","itemListElement":[{"@type":"ListItem","position":1,"name":"Home","item":"https:\/\/state.softdepothosting.com\/"},{"@type":"ListItem","position":2,"name":"Products","item":"https:\/\/state.softdepothosting.com\/shop\/"},{"@type":"ListItem","position":3,"name":"Adapt\u00ae SC Standard Condensing"}]},{"@type":"WebSite","@id":"https:\/\/state.softdepothosting.com\/#website","url":"https:\/\/state.softdepothosting.com\/","name":"State","description":"","publisher":{"@id":"https:\/\/state.softdepothosting.com\/#organization"},"potentialAction":[{"@type":"SearchAction","target":{"@type":"EntryPoint","urlTemplate":"https:\/\/state.softdepothosting.com\/?s={search_term_string}"},"query-input":{"@type":"PropertyValueSpecification","valueRequired":true,"valueName":"search_term_string"}}],"inLanguage":"es"},{"@type":"Organization","@id":"https:\/\/state.softdepothosting.com\/#organization","name":"State","url":"https:\/\/state.softdepothosting.com\/","logo":{"@type":"ImageObject","inLanguage":"es","@id":"https:\/\/state.softdepothosting.com\/#\/schema\/logo\/image\/","url":"https:\/\/state.softdepothosting.com\/wp-content\/uploads\/2025\/12\/state-logo-1.svg","contentUrl":"https:\/\/state.softdepothosting.com\/wp-content\/uploads\/2025\/12\/state-logo-1.svg","width":225,"height":65,"caption":"State"},"image":{"@id":"https:\/\/state.softdepothosting.com\/#\/schema\/logo\/image\/"}}]}},"jetpack_sharing_enabled":true,"_links":{"self":[{"href":"https:\/\/state.softdepothosting.com\/es\/wp-json\/wp\/v2\/product\/3765","targetHints":{"allow":["GET"]}}],"collection":[{"href":"https:\/\/state.softdepothosting.com\/es\/wp-json\/wp\/v2\/product"}],"about":[{"href":"https:\/\/state.softdepothosting.com\/es\/wp-json\/wp\/v2\/types\/product"}],"replies":[{"embeddable":true,"href":"https:\/\/state.softdepothosting.com\/es\/wp-json\/wp\/v2\/comments?post=3765"}],"wp:featuredmedia":[{"embeddable":true,"href":"https:\/\/state.softdepothosting.com\/es\/wp-json\/wp\/v2\/media\/3768"}],"wp:attachment":[{"href":"https:\/\/state.softdepothosting.com\/es\/wp-json\/wp\/v2\/media?parent=3765"}],"wp:term":[{"taxonomy":"product_brand","embeddable":true,"href":"https:\/\/state.softdepothosting.com\/es\/wp-json\/wp\/v2\/product_brand?post=3765"},{"taxonomy":"product_cat","embeddable":true,"href":"https:\/\/state.softdepothosting.com\/es\/wp-json\/wp\/v2\/product_cat?post=3765"},{"taxonomy":"product_tag","embeddable":true,"href":"https:\/\/state.softdepothosting.com\/es\/wp-json\/wp\/v2\/product_tag?post=3765"}],"curies":[{"name":"wp","href":"https:\/\/api.w.org\/{rel}","templated":true}]}}